{"id":196,"date":"2025-02-25T15:41:32","date_gmt":"2025-02-25T14:41:32","guid":{"rendered":"https:\/\/www.alcantara-alicante.cl\/alicante-valle\/?page_id=196"},"modified":"2026-04-01T13:31:52","modified_gmt":"2026-04-01T16:31:52","slug":"resultados-academicos","status":"publish","type":"page","link":"https:\/\/www.alcantara-alicante.cl\/alicante-valle\/resultados-academicos\/","title":{"rendered":"RESULTADOS ACAD\u00c9MICOS"},"content":{"rendered":"\t\t<div data-elementor-type=\"wp-page\" data-elementor-id=\"196\" class=\"elementor elementor-196\" data-elementor-post-type=\"page\">\n\t\t\t\t<div class=\"elementor-element elementor-element-2b0c055 e-con-full e-flex e-con e-parent\" data-id=\"2b0c055\" data-element_type=\"container\" data-e-type=\"container\" data-settings=\"{&quot;background_background&quot;:&quot;classic&quot;}\">\n\t\t\t\t<div class=\"elementor-element elementor-element-2ff81e2 elementor-widget elementor-widget-heading\" data-id=\"2ff81e2\" data-element_type=\"widget\" data-e-type=\"widget\" data-widget_type=\"heading.default\">\n\t\t\t\t<div class=\"elementor-widget-container\">\n\t\t\t\t\t<h1 class=\"elementor-heading-title elementor-size-default\">RESULTADOS ACAD\u00c9MICOS<\/h1>\t\t\t\t<\/div>\n\t\t\t\t<\/div>\n\t\t\t\t<\/div>\n\t\t<div class=\"elementor-element elementor-element-d3c0e33 e-con-full e-flex e-con e-parent\" data-id=\"d3c0e33\" data-element_type=\"container\" data-e-type=\"container\" data-settings=\"{&quot;background_background&quot;:&quot;classic&quot;}\">\n\t\t\t\t<div class=\"elementor-element elementor-element-2a1d0d3 elementor-widget elementor-widget-heading\" data-id=\"2a1d0d3\" data-element_type=\"widget\" data-e-type=\"widget\" data-widget_type=\"heading.default\">\n\t\t\t\t<div class=\"elementor-widget-container\">\n\t\t\t\t\t<p class=\"elementor-heading-title elementor-size-default\">Los resultados acad\u00e9micos logrados por nuestros colegios, obedecen a la profunda convicci\u00f3n de que nuestros alumnos son capaces de desarrollar al m\u00e1ximo sus potencialidades y demostrar los mejores aprendizajes. Para ello se requiere de un trabajo sistem\u00e1tico, profesional, de calidad, de evaluaci\u00f3n permanente de nuestros m\u00e9todos de ense\u00f1anza, del monitoreo constante de los avances de nuestros alumnos, de la actitud responsable de nuestros docentes y trabajadores en general, por capacitarse y poner a disposici\u00f3n de sus estudiantes todas sus competencias profesionales.<\/p>\t\t\t\t<\/div>\n\t\t\t\t<\/div>\n\t\t\t\t<div class=\"elementor-element elementor-element-5edc1e9 elementor-widget elementor-widget-image\" data-id=\"5edc1e9\" data-element_type=\"widget\" data-e-type=\"widget\" data-widget_type=\"image.default\">\n\t\t\t\t<div class=\"elementor-widget-container\">\n\t\t\t\t\t\t\t\t\t\t\t\t\t\t\t\t<a href=\"https:\/\/www.alcantara-alicante.cl\/alicante-valle\/wp-content\/uploads\/sites\/8\/2026\/04\/simce-2025_Mesa-de-trabajo-1-copia.jpg\" data-elementor-open-lightbox=\"yes\" data-elementor-lightbox-title=\"simce 2025_Mesa de trabajo 1 copia\" data-e-action-hash=\"#elementor-action%3Aaction%3Dlightbox%26settings%3DeyJpZCI6Mjc0MSwidXJsIjoiaHR0cHM6XC9cL3d3dy5hbGNhbnRhcmEtYWxpY2FudGUuY2xcL2FsaWNhbnRlLXZhbGxlXC93cC1jb250ZW50XC91cGxvYWRzXC9zaXRlc1wvOFwvMjAyNlwvMDRcL3NpbWNlLTIwMjVfTWVzYS1kZS10cmFiYWpvLTEtY29waWEuanBnIn0%3D\">\n\t\t\t\t\t\t\t<img fetchpriority=\"high\" decoding=\"async\" width=\"768\" height=\"768\" src=\"https:\/\/www.alcantara-alicante.cl\/alicante-valle\/wp-content\/uploads\/sites\/8\/2026\/04\/simce-2025_Mesa-de-trabajo-1-copia-768x768.jpg\" class=\"attachment-medium_large size-medium_large wp-image-2741\" alt=\"\" srcset=\"https:\/\/www.alcantara-alicante.cl\/alicante-valle\/wp-content\/uploads\/sites\/8\/2026\/04\/simce-2025_Mesa-de-trabajo-1-copia-768x768.jpg 768w, https:\/\/www.alcantara-alicante.cl\/alicante-valle\/wp-content\/uploads\/sites\/8\/2026\/04\/simce-2025_Mesa-de-trabajo-1-copia-300x300.jpg 300w, https:\/\/www.alcantara-alicante.cl\/alicante-valle\/wp-content\/uploads\/sites\/8\/2026\/04\/simce-2025_Mesa-de-trabajo-1-copia-1024x1024.jpg 1024w, https:\/\/www.alcantara-alicante.cl\/alicante-valle\/wp-content\/uploads\/sites\/8\/2026\/04\/simce-2025_Mesa-de-trabajo-1-copia-150x150.jpg 150w, https:\/\/www.alcantara-alicante.cl\/alicante-valle\/wp-content\/uploads\/sites\/8\/2026\/04\/simce-2025_Mesa-de-trabajo-1-copia-1536x1536.jpg 1536w, https:\/\/www.alcantara-alicante.cl\/alicante-valle\/wp-content\/uploads\/sites\/8\/2026\/04\/simce-2025_Mesa-de-trabajo-1-copia-2048x2048.jpg 2048w\" sizes=\"(max-width: 768px) 100vw, 768px\" \/>\t\t\t\t\t\t\t\t<\/a>\n\t\t\t\t\t\t\t\t\t\t\t\t\t\t\t<\/div>\n\t\t\t\t<\/div>\n\t\t\t\t<\/div>\n\t\t\t\t<\/div>\n\t\t","protected":false},"excerpt":{"rendered":"<p>RESULTADOS ACAD\u00c9MICOS Los resultados acad\u00e9micos logrados por nuestros colegios, obedecen a la profunda convicci\u00f3n de que nuestros alumnos son capaces de desarrollar al m\u00e1ximo sus potencialidades y demostrar los mejores aprendizajes. Para ello se requiere de un trabajo sistem\u00e1tico, profesional, de calidad, de evaluaci\u00f3n permanente de nuestros m\u00e9todos de ense\u00f1anza, del monitoreo constante de los &#8230; <a title=\"RESULTADOS ACAD\u00c9MICOS\" class=\"read-more\" href=\"https:\/\/www.alcantara-alicante.cl\/alicante-valle\/resultados-academicos\/\" aria-label=\"Leer m\u00e1s sobre RESULTADOS ACAD\u00c9MICOS\">Leer m\u00e1s<\/a><\/p>\n","protected":false},"author":1,"featured_media":0,"parent":0,"menu_order":0,"comment_status":"closed","ping_status":"closed","template":"elementor_header_footer","meta":{"footnotes":""},"class_list":["post-196","page","type-page","status-publish"],"aioseo_notices":[],"_links":{"self":[{"href":"https:\/\/www.alcantara-alicante.cl\/alicante-valle\/wp-json\/wp\/v2\/pages\/196","targetHints":{"allow":["GET"]}}],"collection":[{"href":"https:\/\/www.alcantara-alicante.cl\/alicante-valle\/wp-json\/wp\/v2\/pages"}],"about":[{"href":"https:\/\/www.alcantara-alicante.cl\/alicante-valle\/wp-json\/wp\/v2\/types\/page"}],"author":[{"embeddable":true,"href":"https:\/\/www.alcantara-alicante.cl\/alicante-valle\/wp-json\/wp\/v2\/users\/1"}],"replies":[{"embeddable":true,"href":"https:\/\/www.alcantara-alicante.cl\/alicante-valle\/wp-json\/wp\/v2\/comments?post=196"}],"version-history":[{"count":3,"href":"https:\/\/www.alcantara-alicante.cl\/alicante-valle\/wp-json\/wp\/v2\/pages\/196\/revisions"}],"predecessor-version":[{"id":2744,"href":"https:\/\/www.alcantara-alicante.cl\/alicante-valle\/wp-json\/wp\/v2\/pages\/196\/revisions\/2744"}],"wp:attachment":[{"href":"https:\/\/www.alcantara-alicante.cl\/alicante-valle\/wp-json\/wp\/v2\/media?parent=196"}],"curies":[{"name":"wp","href":"https:\/\/api.w.org\/{rel}","templated":true}]}}