{"id":151,"date":"2025-02-19T15:05:55","date_gmt":"2025-02-19T14:05:55","guid":{"rendered":"https:\/\/www.alcantara-alicante.cl\/alicante-florida\/?page_id=151"},"modified":"2026-03-05T14:49:56","modified_gmt":"2026-03-05T17:49:56","slug":"horario-del-colegio","status":"publish","type":"page","link":"https:\/\/www.alcantara-alicante.cl\/alicante-florida\/horario-del-colegio\/","title":{"rendered":"HORARIO DEL COLEGIO"},"content":{"rendered":"\t\t<div data-elementor-type=\"wp-page\" data-elementor-id=\"151\" class=\"elementor elementor-151\" data-elementor-post-type=\"page\">\n\t\t\t\t<div class=\"elementor-element elementor-element-ed6eb17 e-con-full e-flex e-con e-parent\" data-id=\"ed6eb17\" data-element_type=\"container\" data-e-type=\"container\" data-settings=\"{&quot;background_background&quot;:&quot;classic&quot;}\">\n\t\t\t\t<div class=\"elementor-element elementor-element-4e7b966 elementor-widget elementor-widget-heading\" data-id=\"4e7b966\" data-element_type=\"widget\" data-e-type=\"widget\" data-widget_type=\"heading.default\">\n\t\t\t\t<div class=\"elementor-widget-container\">\n\t\t\t\t\t<h1 class=\"elementor-heading-title elementor-size-default\">HORARIO DEL COLEGIO<\/h1>\t\t\t\t<\/div>\n\t\t\t\t<\/div>\n\t\t\t\t<\/div>\n\t\t<div class=\"elementor-element elementor-element-c7d051e e-con-full e-flex e-con e-parent\" data-id=\"c7d051e\" data-element_type=\"container\" data-e-type=\"container\" data-settings=\"{&quot;background_background&quot;:&quot;classic&quot;}\">\n\t\t\t\t<div class=\"elementor-element elementor-element-110f505 elementor-widget elementor-widget-heading\" data-id=\"110f505\" data-element_type=\"widget\" data-e-type=\"widget\" data-widget_type=\"heading.default\">\n\t\t\t\t<div class=\"elementor-widget-container\">\n\t\t\t\t\t<p class=\"elementor-heading-title elementor-size-default\">a) El Colegio funciona para alumnos (as) de PreK\u00ednder a IV\u00b0 Medio entre las 07:30 y 18:45 horas, s\u00f3lo en este horario hay personal a cargo del alumnado.\n<\/p>\t\t\t\t<\/div>\n\t\t\t\t<\/div>\n\t\t\t\t<div class=\"elementor-element elementor-element-4c7ae867 elementor-widget elementor-widget-heading\" data-id=\"4c7ae867\" data-element_type=\"widget\" data-e-type=\"widget\" data-widget_type=\"heading.default\">\n\t\t\t\t<div class=\"elementor-widget-container\">\n\t\t\t\t\t<p class=\"elementor-heading-title elementor-size-default\">\u00a0b) La puerta de Recepci\u00f3n se cierra en la jornada de la ma\u00f1ana a las 08:00. S\u00f3lo se interrumpe la clase para alumnos (as) atrasados, por una vez, a las 08:30. Si el alumno (a) llega despu\u00e9s de las 08:30, deber\u00e1 traer justificativo escrito o venir con su Apoderado.\u00a0 S\u00f3lo de esta manera podr\u00e1 pasar a su sala al tercer per\u00edodo.<\/p>\t\t\t\t<\/div>\n\t\t\t\t<\/div>\n\t\t\t\t<\/div>\n\t\t<div class=\"elementor-element elementor-element-16cd2665 e-con-full e-flex e-con e-parent\" data-id=\"16cd2665\" data-element_type=\"container\" data-e-type=\"container\" data-settings=\"{&quot;background_background&quot;:&quot;classic&quot;}\">\n\t\t\t\t<div class=\"elementor-element elementor-element-68759e6a elementor-widget elementor-widget-heading\" data-id=\"68759e6a\" data-element_type=\"widget\" data-e-type=\"widget\" data-widget_type=\"heading.default\">\n\t\t\t\t<div class=\"elementor-widget-container\">\n\t\t\t\t\t<p class=\"elementor-heading-title elementor-size-default\">El horario podr\u00e1 ser modificado seg\u00fan sea determinado por las autoridades sanitarias y de educaci\u00f3n.<\/p>\t\t\t\t<\/div>\n\t\t\t\t<\/div>\n\t\t\t\t<\/div>\n\t\t<div class=\"elementor-element elementor-element-2995081 e-con-full e-flex e-con e-parent\" data-id=\"2995081\" data-element_type=\"container\" data-e-type=\"container\" data-settings=\"{&quot;background_background&quot;:&quot;classic&quot;}\">\n\t\t<div class=\"elementor-element elementor-element-79456c37 e-grid e-con-full e-con e-child\" data-id=\"79456c37\" data-element_type=\"container\" data-e-type=\"container\" data-settings=\"{&quot;background_background&quot;:&quot;classic&quot;}\">\n\t\t\t\t<div class=\"elementor-element elementor-element-75f2364a elementor-widget elementor-widget-heading\" data-id=\"75f2364a\" data-element_type=\"widget\" data-e-type=\"widget\" data-widget_type=\"heading.default\">\n\t\t\t\t<div class=\"elementor-widget-container\">\n\t\t\t\t\t<p class=\"elementor-heading-title elementor-size-default\">Prek\u00ednder y K\u00ednder  \u2013 Ma\u00f1ana<\/p>\t\t\t\t<\/div>\n\t\t\t\t<\/div>\n\t\t\t\t<div class=\"elementor-element elementor-element-2eb8b2b2 elementor-widget elementor-widget-heading\" data-id=\"2eb8b2b2\" data-element_type=\"widget\" data-e-type=\"widget\" data-widget_type=\"heading.default\">\n\t\t\t\t<div class=\"elementor-widget-container\">\n\t\t\t\t\t<p class=\"elementor-heading-title elementor-size-default\">Lunes a Viernes 07:50 a 12:20<\/p>\t\t\t\t<\/div>\n\t\t\t\t<\/div>\n\t\t\t\t<\/div>\n\t\t<div class=\"elementor-element elementor-element-6e72c31a e-grid e-con-full e-con e-child\" data-id=\"6e72c31a\" data-element_type=\"container\" data-e-type=\"container\" data-settings=\"{&quot;background_background&quot;:&quot;classic&quot;}\">\n\t\t\t\t<div class=\"elementor-element elementor-element-d5e4dee elementor-widget elementor-widget-heading\" data-id=\"d5e4dee\" data-element_type=\"widget\" data-e-type=\"widget\" data-widget_type=\"heading.default\">\n\t\t\t\t<div class=\"elementor-widget-container\">\n\t\t\t\t\t<p class=\"elementor-heading-title elementor-size-default\">Prek\u00ednder y K\u00ednder \u2013 Tarde<\/p>\t\t\t\t<\/div>\n\t\t\t\t<\/div>\n\t\t\t\t<div class=\"elementor-element elementor-element-d77a428 elementor-widget elementor-widget-heading\" data-id=\"d77a428\" data-element_type=\"widget\" data-e-type=\"widget\" data-widget_type=\"heading.default\">\n\t\t\t\t<div class=\"elementor-widget-container\">\n\t\t\t\t\t<p class=\"elementor-heading-title elementor-size-default\">Lunes a Viernes 13:55 a 18:25<\/p>\t\t\t\t<\/div>\n\t\t\t\t<\/div>\n\t\t\t\t<\/div>\n\t\t<div class=\"elementor-element elementor-element-166df83e e-grid e-con-full e-con e-child\" data-id=\"166df83e\" data-element_type=\"container\" data-e-type=\"container\" data-settings=\"{&quot;background_background&quot;:&quot;classic&quot;}\">\n\t\t\t\t<div class=\"elementor-element elementor-element-39400cfc elementor-widget elementor-widget-heading\" data-id=\"39400cfc\" data-element_type=\"widget\" data-e-type=\"widget\" data-widget_type=\"heading.default\">\n\t\t\t\t<div class=\"elementor-widget-container\">\n\t\t\t\t\t<p class=\"elementor-heading-title elementor-size-default\">1\u00b0 y 2\u00b0 B\u00e1sicos \u2013  Ma\u00f1ana<\/p>\t\t\t\t<\/div>\n\t\t\t\t<\/div>\n\t\t\t\t<div class=\"elementor-element elementor-element-4a0345a4 elementor-widget elementor-widget-heading\" data-id=\"4a0345a4\" data-element_type=\"widget\" data-e-type=\"widget\" data-widget_type=\"heading.default\">\n\t\t\t\t<div class=\"elementor-widget-container\">\n\t\t\t\t\t<p class=\"elementor-heading-title elementor-size-default\">Lunes y martes 07:50 a 13:30<\/p>\t\t\t\t<\/div>\n\t\t\t\t<\/div>\n\t\t\t\t<div class=\"elementor-element elementor-element-63400fc9 elementor-widget elementor-widget-heading\" data-id=\"63400fc9\" data-element_type=\"widget\" data-e-type=\"widget\" data-widget_type=\"heading.default\">\n\t\t\t\t<div class=\"elementor-widget-container\">\n\t\t\t\t\t<p class=\"elementor-heading-title elementor-size-default\">Mi\u00e9rcoles, jueves y viernes  7:50 a 12:45<\/p>\t\t\t\t<\/div>\n\t\t\t\t<\/div>\n\t\t\t\t<\/div>\n\t\t<div class=\"elementor-element elementor-element-4811b55a e-grid e-con-full e-con e-child\" data-id=\"4811b55a\" data-element_type=\"container\" data-e-type=\"container\" data-settings=\"{&quot;background_background&quot;:&quot;classic&quot;}\">\n\t\t\t\t<div class=\"elementor-element elementor-element-5abc8197 elementor-widget elementor-widget-heading\" data-id=\"5abc8197\" data-element_type=\"widget\" data-e-type=\"widget\" data-widget_type=\"heading.default\">\n\t\t\t\t<div class=\"elementor-widget-container\">\n\t\t\t\t\t<p class=\"elementor-heading-title elementor-size-default\">1\u00b0 y 2\u00b0 B\u00e1sicos \u2013 Tarde<\/p>\t\t\t\t<\/div>\n\t\t\t\t<\/div>\n\t\t\t\t<div class=\"elementor-element elementor-element-318447bc elementor-widget elementor-widget-heading\" data-id=\"318447bc\" data-element_type=\"widget\" data-e-type=\"widget\" data-widget_type=\"heading.default\">\n\t\t\t\t<div class=\"elementor-widget-container\">\n\t\t\t\t\t<p class=\"elementor-heading-title elementor-size-default\">Lunes y martes de 13:55 a 18:50<\/p>\t\t\t\t<\/div>\n\t\t\t\t<\/div>\n\t\t\t\t<div class=\"elementor-element elementor-element-4720aa1b elementor-widget elementor-widget-heading\" data-id=\"4720aa1b\" data-element_type=\"widget\" data-e-type=\"widget\" data-widget_type=\"heading.default\">\n\t\t\t\t<div class=\"elementor-widget-container\">\n\t\t\t\t\t<p class=\"elementor-heading-title elementor-size-default\">Mi\u00e9rcoles y jueves de 13.10  a 18:50 - Viernes  13:10 a 18:05\n<\/p>\t\t\t\t<\/div>\n\t\t\t\t<\/div>\n\t\t\t\t<\/div>\n\t\t<div class=\"elementor-element elementor-element-2df6bd35 e-grid e-con-full e-con e-child\" data-id=\"2df6bd35\" data-element_type=\"container\" data-e-type=\"container\" data-settings=\"{&quot;background_background&quot;:&quot;classic&quot;}\">\n\t\t\t\t<div class=\"elementor-element elementor-element-2213762d elementor-widget elementor-widget-heading\" data-id=\"2213762d\" data-element_type=\"widget\" data-e-type=\"widget\" data-widget_type=\"heading.default\">\n\t\t\t\t<div class=\"elementor-widget-container\">\n\t\t\t\t\t<p class=\"elementor-heading-title elementor-size-default\">3\u00b0 B\u00e1sico a 8\u00b0 B\u00e1sico<\/p>\t\t\t\t<\/div>\n\t\t\t\t<\/div>\n\t\t\t\t<div class=\"elementor-element elementor-element-1a0b1e4f elementor-widget elementor-widget-heading\" data-id=\"1a0b1e4f\" data-element_type=\"widget\" data-e-type=\"widget\" data-widget_type=\"heading.default\">\n\t\t\t\t<div class=\"elementor-widget-container\">\n\t\t\t\t\t<p class=\"elementor-heading-title elementor-size-default\">Lunes a Jueves de 7:50 a 15:10<\/p>\t\t\t\t<\/div>\n\t\t\t\t<\/div>\n\t\t\t\t<div class=\"elementor-element elementor-element-3efd319a elementor-widget elementor-widget-heading\" data-id=\"3efd319a\" data-element_type=\"widget\" data-e-type=\"widget\" data-widget_type=\"heading.default\">\n\t\t\t\t<div class=\"elementor-widget-container\">\n\t\t\t\t\t<p class=\"elementor-heading-title elementor-size-default\">Viernes de 7:50 a 12:45<\/p>\t\t\t\t<\/div>\n\t\t\t\t<\/div>\n\t\t\t\t<\/div>\n\t\t<div class=\"elementor-element elementor-element-506a50fc e-grid e-con-full e-con e-child\" data-id=\"506a50fc\" data-element_type=\"container\" data-e-type=\"container\" data-settings=\"{&quot;background_background&quot;:&quot;classic&quot;}\">\n\t\t\t\t<div class=\"elementor-element elementor-element-2dd0d72a elementor-widget elementor-widget-heading\" data-id=\"2dd0d72a\" data-element_type=\"widget\" data-e-type=\"widget\" data-widget_type=\"heading.default\">\n\t\t\t\t<div class=\"elementor-widget-container\">\n\t\t\t\t\t<p class=\"elementor-heading-title elementor-size-default\">I\u00b0 a IV\u00b0 Medio<\/p>\t\t\t\t<\/div>\n\t\t\t\t<\/div>\n\t\t\t\t<div class=\"elementor-element elementor-element-25f13994 elementor-widget elementor-widget-heading\" data-id=\"25f13994\" data-element_type=\"widget\" data-e-type=\"widget\" data-widget_type=\"heading.default\">\n\t\t\t\t<div class=\"elementor-widget-container\">\n\t\t\t\t\t<p class=\"elementor-heading-title elementor-size-default\">Lunes a Jueves de 7:50 a 15:55<\/p>\t\t\t\t<\/div>\n\t\t\t\t<\/div>\n\t\t\t\t<div class=\"elementor-element elementor-element-5ef37e11 elementor-widget elementor-widget-heading\" data-id=\"5ef37e11\" data-element_type=\"widget\" data-e-type=\"widget\" data-widget_type=\"heading.default\">\n\t\t\t\t<div class=\"elementor-widget-container\">\n\t\t\t\t\t<p class=\"elementor-heading-title elementor-size-default\">Viernes de 8:00 a 12:45<\/p>\t\t\t\t<\/div>\n\t\t\t\t<\/div>\n\t\t\t\t<\/div>\n\t\t\t\t<\/div>\n\t\t\t\t<\/div>\n\t\t","protected":false},"excerpt":{"rendered":"<p>HORARIO DEL COLEGIO a) El Colegio funciona para alumnos (as) de PreK\u00ednder a IV\u00b0 Medio entre las 07:30 y 18:45 horas, s\u00f3lo en este horario hay personal a cargo del alumnado. \u00a0b) La puerta de Recepci\u00f3n se cierra en la jornada de la ma\u00f1ana a las 08:00. S\u00f3lo se interrumpe la clase para alumnos (as) &#8230; <a title=\"HORARIO DEL COLEGIO\" class=\"read-more\" href=\"https:\/\/www.alcantara-alicante.cl\/alicante-florida\/horario-del-colegio\/\" aria-label=\"Leer m\u00e1s sobre HORARIO DEL COLEGIO\">Leer m\u00e1s<\/a><\/p>\n","protected":false},"author":1,"featured_media":0,"parent":0,"menu_order":0,"comment_status":"closed","ping_status":"closed","template":"elementor_header_footer","meta":{"footnotes":""},"class_list":["post-151","page","type-page","status-publish"],"aioseo_notices":[],"_links":{"self":[{"href":"https:\/\/www.alcantara-alicante.cl\/alicante-florida\/wp-json\/wp\/v2\/pages\/151","targetHints":{"allow":["GET"]}}],"collection":[{"href":"https:\/\/www.alcantara-alicante.cl\/alicante-florida\/wp-json\/wp\/v2\/pages"}],"about":[{"href":"https:\/\/www.alcantara-alicante.cl\/alicante-florida\/wp-json\/wp\/v2\/types\/page"}],"author":[{"embeddable":true,"href":"https:\/\/www.alcantara-alicante.cl\/alicante-florida\/wp-json\/wp\/v2\/users\/1"}],"replies":[{"embeddable":true,"href":"https:\/\/www.alcantara-alicante.cl\/alicante-florida\/wp-json\/wp\/v2\/comments?post=151"}],"version-history":[{"count":3,"href":"https:\/\/www.alcantara-alicante.cl\/alicante-florida\/wp-json\/wp\/v2\/pages\/151\/revisions"}],"predecessor-version":[{"id":2096,"href":"https:\/\/www.alcantara-alicante.cl\/alicante-florida\/wp-json\/wp\/v2\/pages\/151\/revisions\/2096"}],"wp:attachment":[{"href":"https:\/\/www.alcantara-alicante.cl\/alicante-florida\/wp-json\/wp\/v2\/media?parent=151"}],"curies":[{"name":"wp","href":"https:\/\/api.w.org\/{rel}","templated":true}]}}