{"id":124,"date":"2025-02-13T15:47:21","date_gmt":"2025-02-13T14:47:21","guid":{"rendered":"https:\/\/www.alcantara-alicante.cl\/alcantara-penalolen\/?page_id=124"},"modified":"2026-04-06T11:04:21","modified_gmt":"2026-04-06T15:04:21","slug":"area-academica","status":"publish","type":"page","link":"https:\/\/www.alcantara-alicante.cl\/alcantara-penalolen\/area-academica\/","title":{"rendered":"Alianza Terap\u00e9utica"},"content":{"rendered":"\t\t<div data-elementor-type=\"wp-page\" data-elementor-id=\"124\" class=\"elementor elementor-124\" data-elementor-post-type=\"page\">\n\t\t\t\t<div class=\"elementor-element elementor-element-f191e87 e-con-full e-flex e-con e-parent\" data-id=\"f191e87\" data-element_type=\"container\" data-e-type=\"container\" data-settings=\"{&quot;background_background&quot;:&quot;classic&quot;}\">\n\t\t\t\t<div class=\"elementor-element elementor-element-5818b76 elementor-widget elementor-widget-heading\" data-id=\"5818b76\" data-element_type=\"widget\" data-e-type=\"widget\" data-widget_type=\"heading.default\">\n\t\t\t\t<div class=\"elementor-widget-container\">\n\t\t\t\t\t<h1 class=\"elementor-heading-title elementor-size-default\">ALIANZA TERAP\u00c9UTICA <\/h1>\t\t\t\t<\/div>\n\t\t\t\t<\/div>\n\t\t\t\t<\/div>\n\t\t<div class=\"elementor-element elementor-element-d48cdd9 e-con-full e-flex e-con e-parent\" data-id=\"d48cdd9\" data-element_type=\"container\" data-e-type=\"container\" data-settings=\"{&quot;background_background&quot;:&quot;classic&quot;}\">\n\t\t\t\t<div class=\"elementor-element elementor-element-e49c5d0 elementor-widget elementor-widget-heading\" data-id=\"e49c5d0\" data-element_type=\"widget\" data-e-type=\"widget\" data-widget_type=\"heading.default\">\n\t\t\t\t<div class=\"elementor-widget-container\">\n\t\t\t\t\t<p class=\"elementor-heading-title elementor-size-default\">La Alianza Terap\u00e9utica es una iniciativa que comenz\u00f3 el a\u00f1o 2012 y que busca acercar a nuestros estudiantes y sus familias a servicios de salud mental, a trav\u00e9s de un convenio con profesionales externos. Estas atenciones se realizan fuera del horario de clases, dentro de nuestro colegio.<\/p>\t\t\t\t<\/div>\n\t\t\t\t<\/div>\n\t\t\t\t<div class=\"elementor-element elementor-element-91c539b elementor-widget elementor-widget-heading\" data-id=\"91c539b\" data-element_type=\"widget\" data-e-type=\"widget\" data-widget_type=\"heading.default\">\n\t\t\t\t<div class=\"elementor-widget-container\">\n\t\t\t\t\t<p class=\"elementor-heading-title elementor-size-default\">La buena experiencia y evaluaci\u00f3n del trabajo realizado nos motiva a seguir fortaleciendo este espacio de apoyo durante este a\u00f1o.<\/p>\t\t\t\t<\/div>\n\t\t\t\t<\/div>\n\t\t\t\t<div class=\"elementor-element elementor-element-7e57c96 elementor-widget elementor-widget-heading\" data-id=\"7e57c96\" data-element_type=\"widget\" data-e-type=\"widget\" data-widget_type=\"heading.default\">\n\t\t\t\t<div class=\"elementor-widget-container\">\n\t\t\t\t\t<p class=\"elementor-heading-title elementor-size-default\">Los profesionales que forman parte de la Alianza pueden acceder a informaci\u00f3n relevante de los casos que atienden y coordinarse con los profesores, lo que permite un acompa\u00f1amiento m\u00e1s integral para cada estudiante.<\/p>\t\t\t\t<\/div>\n\t\t\t\t<\/div>\n\t\t\t\t<div class=\"elementor-element elementor-element-e75a995 elementor-widget elementor-widget-heading\" data-id=\"e75a995\" data-element_type=\"widget\" data-e-type=\"widget\" data-widget_type=\"heading.default\">\n\t\t\t\t<div class=\"elementor-widget-container\">\n\t\t\t\t\t<p class=\"elementor-heading-title elementor-size-default\">De requerir mayor informaci\u00f3n o contactar a las profesionales, pueden hacerlo directamente a trav\u00e9s de WhatsApp.\n\n <\/p>\t\t\t\t<\/div>\n\t\t\t\t<\/div>\n\t\t\t\t<\/div>\n\t\t<div class=\"elementor-element elementor-element-88471a3 e-con-full e-flex e-con e-parent\" data-id=\"88471a3\" data-element_type=\"container\" data-e-type=\"container\" data-settings=\"{&quot;background_background&quot;:&quot;classic&quot;}\">\n\t\t<div class=\"elementor-element elementor-element-0050e68 e-con-full e-flex e-con e-child\" data-id=\"0050e68\" data-element_type=\"container\" data-e-type=\"container\">\n\t\t\t\t<div class=\"elementor-element elementor-element-a732785 elementor-widget elementor-widget-heading\" data-id=\"a732785\" data-element_type=\"widget\" data-e-type=\"widget\" data-widget_type=\"heading.default\">\n\t\t\t\t<div class=\"elementor-widget-container\">\n\t\t\t\t\t<h2 class=\"elementor-heading-title elementor-size-default\">Psic\u00f3loga <\/h2>\t\t\t\t<\/div>\n\t\t\t\t<\/div>\n\t\t\t\t<div class=\"elementor-element elementor-element-439617c elementor-widget elementor-widget-heading\" data-id=\"439617c\" data-element_type=\"widget\" data-e-type=\"widget\" data-widget_type=\"heading.default\">\n\t\t\t\t<div class=\"elementor-widget-container\">\n\t\t\t\t\t<p class=\"elementor-heading-title elementor-size-default\">\u00c1ngela Galaz A.<\/p>\t\t\t\t<\/div>\n\t\t\t\t<\/div>\n\t\t\t\t<div class=\"elementor-element elementor-element-aa9e1bb elementor-widget elementor-widget-heading\" data-id=\"aa9e1bb\" data-element_type=\"widget\" data-e-type=\"widget\" data-widget_type=\"heading.default\">\n\t\t\t\t<div class=\"elementor-widget-container\">\n\t\t\t\t\t<p class=\"elementor-heading-title elementor-size-default\"><a href=\"tel:+569%205890%209463\">+569 5890 9463<\/a><\/p>\t\t\t\t<\/div>\n\t\t\t\t<\/div>\n\t\t\t\t<div class=\"elementor-element elementor-element-d9ff8f6 elementor-widget elementor-widget-heading\" data-id=\"d9ff8f6\" data-element_type=\"widget\" data-e-type=\"widget\" data-widget_type=\"heading.default\">\n\t\t\t\t<div class=\"elementor-widget-container\">\n\t\t\t\t\t<p class=\"elementor-heading-title elementor-size-default\">Psic\u00f3loga Cl\u00ednica Infanto Juvenil, titulada de la Universidad de Las Am\u00e9ricas.<\/p>\t\t\t\t<\/div>\n\t\t\t\t<\/div>\n\t\t\t\t<div class=\"elementor-element elementor-element-baad82b elementor-widget elementor-widget-heading\" data-id=\"baad82b\" data-element_type=\"widget\" data-e-type=\"widget\" data-widget_type=\"heading.default\">\n\t\t\t\t<div class=\"elementor-widget-container\">\n\t\t\t\t\t<p class=\"elementor-heading-title elementor-size-default\">Cuenta con 10 a\u00f1os de experiencia trabajando en conjunto en el \u00e1rea educacional. Trabaja con Enfoques Cognitivo-conductual y Psicoterapia de Intervenci\u00f3n Breve: abordando tem\u00e1ticas como ansiedad, autoestima, crisis de p\u00e1nico, elaboraci\u00f3n de duelo. Habilidades socioemocionales, habilidades parentales, TEP, orientaci\u00f3n vocacional, psicometr\u00eda certificada en WISC V.<\/p>\t\t\t\t<\/div>\n\t\t\t\t<\/div>\n\t\t\t\t<\/div>\n\t\t<div class=\"elementor-element elementor-element-552151f e-con-full e-flex e-con e-child\" data-id=\"552151f\" data-element_type=\"container\" data-e-type=\"container\">\n\t\t\t\t<div class=\"elementor-element elementor-element-ace497f elementor-widget elementor-widget-video\" data-id=\"ace497f\" data-element_type=\"widget\" data-e-type=\"widget\" data-settings=\"{&quot;youtube_url&quot;:&quot;https:\\\/\\\/youtu.be\\\/dj0Dawc6t9E&quot;,&quot;video_type&quot;:&quot;youtube&quot;,&quot;controls&quot;:&quot;yes&quot;}\" data-widget_type=\"video.default\">\n\t\t\t\t<div class=\"elementor-widget-container\">\n\t\t\t\t\t\t\t<div class=\"elementor-wrapper elementor-open-inline\">\n\t\t\t<div class=\"elementor-video\"><\/div>\t\t<\/div>\n\t\t\t\t\t\t<\/div>\n\t\t\t\t<\/div>\n\t\t\t\t<\/div>\n\t\t\t\t<\/div>\n\t\t<div class=\"elementor-element elementor-element-4140a15 e-con-full e-flex e-con e-parent\" data-id=\"4140a15\" data-element_type=\"container\" data-e-type=\"container\" data-settings=\"{&quot;background_background&quot;:&quot;classic&quot;}\">\n\t\t<div class=\"elementor-element elementor-element-0012b8d e-con-full e-flex e-con e-child\" data-id=\"0012b8d\" data-element_type=\"container\" data-e-type=\"container\">\n\t\t\t\t<div class=\"elementor-element elementor-element-221eaec elementor-widget elementor-widget-heading\" data-id=\"221eaec\" data-element_type=\"widget\" data-e-type=\"widget\" data-widget_type=\"heading.default\">\n\t\t\t\t<div class=\"elementor-widget-container\">\n\t\t\t\t\t<h2 class=\"elementor-heading-title elementor-size-default\">Fonoaudi\u00f3loga<\/h2>\t\t\t\t<\/div>\n\t\t\t\t<\/div>\n\t\t\t\t<div class=\"elementor-element elementor-element-86b97b4 elementor-widget elementor-widget-heading\" data-id=\"86b97b4\" data-element_type=\"widget\" data-e-type=\"widget\" data-widget_type=\"heading.default\">\n\t\t\t\t<div class=\"elementor-widget-container\">\n\t\t\t\t\t<p class=\"elementor-heading-title elementor-size-default\">Javiera Torres<\/p>\t\t\t\t<\/div>\n\t\t\t\t<\/div>\n\t\t\t\t<div class=\"elementor-element elementor-element-85c2fc4 elementor-widget elementor-widget-heading\" data-id=\"85c2fc4\" data-element_type=\"widget\" data-e-type=\"widget\" data-widget_type=\"heading.default\">\n\t\t\t\t<div class=\"elementor-widget-container\">\n\t\t\t\t\t<p class=\"elementor-heading-title elementor-size-default\"><a href=\"tel:+569%208149%200974\">+569 8149 0974<\/a><\/p>\t\t\t\t<\/div>\n\t\t\t\t<\/div>\n\t\t\t\t<div class=\"elementor-element elementor-element-35b0a65 elementor-widget elementor-widget-heading\" data-id=\"35b0a65\" data-element_type=\"widget\" data-e-type=\"widget\" data-widget_type=\"heading.default\">\n\t\t\t\t<div class=\"elementor-widget-container\">\n\t\t\t\t\t<p class=\"elementor-heading-title elementor-size-default\">Fonoaudi\u00f3loga titulada de la Universidad Mayor y diplomada en la Universidad de Chile. Busca promover la estimulaci\u00f3n, evaluaci\u00f3n y tratamiento de habilidades ling\u00fc\u00edstico-comunicativas de ni\u00f1os y ni\u00f1as con dificultades a nivel del habla, lenguaje, comunicaci\u00f3n, voz y alimentaci\u00f3n a trav\u00e9s del juego como principal herramienta de trabajo.\n<\/p>\t\t\t\t<\/div>\n\t\t\t\t<\/div>\n\t\t\t\t<div class=\"elementor-element elementor-element-3504194 elementor-widget elementor-widget-heading\" data-id=\"3504194\" data-element_type=\"widget\" data-e-type=\"widget\" data-widget_type=\"heading.default\">\n\t\t\t\t<div class=\"elementor-widget-container\">\n\t\t\t\t\t<p class=\"elementor-heading-title elementor-size-default\">Cuenta con especializaci\u00f3n: retraso del lenguaje y atenci\u00f3n temprana en preescolares, trastornos del habla y lenguaje; formaci\u00f3n en trastornos deglutorios, experiencia en ni\u00f1os del espectro autista.<\/p>\t\t\t\t<\/div>\n\t\t\t\t<\/div>\n\t\t\t\t<div class=\"elementor-element elementor-element-fe59f6e elementor-widget elementor-widget-text-editor\" data-id=\"fe59f6e\" data-element_type=\"widget\" data-e-type=\"widget\" data-widget_type=\"text-editor.default\">\n\t\t\t\t<div class=\"elementor-widget-container\">\n\t\t\t\t\t\t\t\t\t<p>A continuaci\u00f3n descargue<\/p><p><img decoding=\"async\" class=\"alignnone size-full wp-image-377\" src=\"https:\/\/www.alcantara-alicante.cl\/alcantara-penalolen\/wp-content\/uploads\/sites\/4\/2021\/03\/iconopdf_small-1.jpg\" alt=\"\" width=\"33\" height=\"35\" \/> <a href=\"https:\/\/drive.google.com\/file\/d\/1UzjXJx-wS2Jk6WFDPGHk-9a6FP_y3BDw\/view?usp=sharing\">Infograf\u00eda de Fonoaudiolog\u00eda<\/a><\/p>\t\t\t\t\t\t\t\t<\/div>\n\t\t\t\t<\/div>\n\t\t\t\t<\/div>\n\t\t<div class=\"elementor-element elementor-element-77572bb e-con-full e-flex e-con e-child\" data-id=\"77572bb\" data-element_type=\"container\" data-e-type=\"container\">\n\t\t\t\t<div class=\"elementor-element elementor-element-958a001 elementor-widget elementor-widget-video\" data-id=\"958a001\" data-element_type=\"widget\" data-e-type=\"widget\" data-settings=\"{&quot;youtube_url&quot;:&quot;https:\\\/\\\/youtu.be\\\/_Kzkmj0sCQI&quot;,&quot;video_type&quot;:&quot;youtube&quot;,&quot;controls&quot;:&quot;yes&quot;}\" data-widget_type=\"video.default\">\n\t\t\t\t<div class=\"elementor-widget-container\">\n\t\t\t\t\t\t\t<div class=\"elementor-wrapper elementor-open-inline\">\n\t\t\t<div class=\"elementor-video\"><\/div>\t\t<\/div>\n\t\t\t\t\t\t<\/div>\n\t\t\t\t<\/div>\n\t\t\t\t<\/div>\n\t\t\t\t<\/div>\n\t\t<div class=\"elementor-element elementor-element-2847e2e e-con-full e-flex e-con e-parent\" data-id=\"2847e2e\" data-element_type=\"container\" data-e-type=\"container\" data-settings=\"{&quot;background_background&quot;:&quot;classic&quot;}\">\n\t\t<div class=\"elementor-element elementor-element-8295bec e-con-full e-flex e-con e-child\" data-id=\"8295bec\" data-element_type=\"container\" data-e-type=\"container\">\n\t\t\t\t<div class=\"elementor-element elementor-element-5e82fbe elementor-widget elementor-widget-heading\" data-id=\"5e82fbe\" data-element_type=\"widget\" data-e-type=\"widget\" data-widget_type=\"heading.default\">\n\t\t\t\t<div class=\"elementor-widget-container\">\n\t\t\t\t\t<h2 class=\"elementor-heading-title elementor-size-default\">Terapeuta Ocupacional<\/h2>\t\t\t\t<\/div>\n\t\t\t\t<\/div>\n\t\t\t\t<div class=\"elementor-element elementor-element-9924148 elementor-widget elementor-widget-heading\" data-id=\"9924148\" data-element_type=\"widget\" data-e-type=\"widget\" data-widget_type=\"heading.default\">\n\t\t\t\t<div class=\"elementor-widget-container\">\n\t\t\t\t\t<p class=\"elementor-heading-title elementor-size-default\">Javiera Soto Espinoza<\/p>\t\t\t\t<\/div>\n\t\t\t\t<\/div>\n\t\t\t\t<div class=\"elementor-element elementor-element-a5cd66c elementor-widget elementor-widget-heading\" data-id=\"a5cd66c\" data-element_type=\"widget\" data-e-type=\"widget\" data-widget_type=\"heading.default\">\n\t\t\t\t<div class=\"elementor-widget-container\">\n\t\t\t\t\t<p class=\"elementor-heading-title elementor-size-default\"><a href=\"tel:+569%208149%200974\">+569 7422 7112<\/a><\/p>\t\t\t\t<\/div>\n\t\t\t\t<\/div>\n\t\t\t\t<div class=\"elementor-element elementor-element-db68657 elementor-widget elementor-widget-heading\" data-id=\"db68657\" data-element_type=\"widget\" data-e-type=\"widget\" data-widget_type=\"heading.default\">\n\t\t\t\t<div class=\"elementor-widget-container\">\n\t\t\t\t\t<p class=\"elementor-heading-title elementor-size-default\">Terapeuta Ocupacional titulada en la Universidad Central, cuenta con experiencia en trabajos con ni\u00f1os, ni\u00f1as y adolescentes en contexto escolar y hogar, abordando diferentes problem\u00e1ticas y diagn\u00f3sticos tales como: TDA, TDAH, TEA, diagn\u00f3sticos psiqui\u00e1tricos, dificultades en el desempe\u00f1o ocupacional con diversas problem\u00e1ticas. Experiencia en trabajo grupal como individual desde el \u00e1rea de convivencia escolar. Busca promover el sentido de la ocupaci\u00f3n como medio y fin terap\u00e9utico, con el objetivo de lograr un desempe\u00f1o ocupacional funcional y significativo, acorde a las necesidades e intereses individuales de cada usuario.<\/p>\t\t\t\t<\/div>\n\t\t\t\t<\/div>\n\t\t\t\t<div class=\"elementor-element elementor-element-c13f51f elementor-widget elementor-widget-heading\" data-id=\"c13f51f\" data-element_type=\"widget\" data-e-type=\"widget\" data-widget_type=\"heading.default\">\n\t\t\t\t<div class=\"elementor-widget-container\">\n\t\t\t\t\t<p class=\"elementor-heading-title elementor-size-default\">El abordaje terap\u00e9utico se centra en el fortalecimiento de habilidades interpersonales, cognitivas, de procesamiento y sociales, as\u00ed como en el fomento de la capacidad de toma de decisiones y la participaci\u00f3n en actividades relevantes para su etapa del desarrollo.  Adem\u00e1s, se consideran los factores personales, ambientales y contextuales que influyen en su desempe\u00f1o, favoreciendo la inclusi\u00f3n, la autodeterminaci\u00f3n y la calidad de vida en los diversos entornos en los que se desenvuelven.<\/p>\t\t\t\t<\/div>\n\t\t\t\t<\/div>\n\t\t\t\t<div class=\"elementor-element elementor-element-7bf5fd9 elementor-widget elementor-widget-text-editor\" data-id=\"7bf5fd9\" data-element_type=\"widget\" data-e-type=\"widget\" data-widget_type=\"text-editor.default\">\n\t\t\t\t<div class=\"elementor-widget-container\">\n\t\t\t\t\t\t\t\t\t<p>A continuaci\u00f3n descargue<\/p><p><img decoding=\"async\" class=\"alignnone size-full wp-image-377\" src=\"https:\/\/www.alcantara-alicante.cl\/alcantara-penalolen\/wp-content\/uploads\/sites\/4\/2021\/03\/iconopdf_small-1.jpg\" alt=\"\" width=\"33\" height=\"35\" \/> <a href=\"https:\/\/drive.google.com\/file\/d\/1ZwXnXzSQDR6TLipm1P-RdKWsHP1FfcsT\/view?usp=sharing\">Gu\u00eda Orientativa Terapia Ocupacional<\/a><\/p>\t\t\t\t\t\t\t\t<\/div>\n\t\t\t\t<\/div>\n\t\t\t\t<\/div>\n\t\t<div class=\"elementor-element elementor-element-13870e1 e-con-full e-flex e-con e-child\" data-id=\"13870e1\" data-element_type=\"container\" data-e-type=\"container\">\n\t\t\t\t<div class=\"elementor-element elementor-element-6eb0e60 elementor-widget elementor-widget-heading\" data-id=\"6eb0e60\" data-element_type=\"widget\" data-e-type=\"widget\" data-widget_type=\"heading.default\">\n\t\t\t\t<div class=\"elementor-widget-container\">\n\t\t\t\t\t<h2 class=\"elementor-heading-title elementor-size-default\">Psicopedagoga: <\/h2>\t\t\t\t<\/div>\n\t\t\t\t<\/div>\n\t\t\t\t<div class=\"elementor-element elementor-element-08e1b6c elementor-widget elementor-widget-heading\" data-id=\"08e1b6c\" data-element_type=\"widget\" data-e-type=\"widget\" data-widget_type=\"heading.default\">\n\t\t\t\t<div class=\"elementor-widget-container\">\n\t\t\t\t\t<p class=\"elementor-heading-title elementor-size-default\">Camila Barr\u00eda<\/p>\t\t\t\t<\/div>\n\t\t\t\t<\/div>\n\t\t\t\t<div class=\"elementor-element elementor-element-44735f0 elementor-widget elementor-widget-heading\" data-id=\"44735f0\" data-element_type=\"widget\" data-e-type=\"widget\" data-widget_type=\"heading.default\">\n\t\t\t\t<div class=\"elementor-widget-container\">\n\t\t\t\t\t<p class=\"elementor-heading-title elementor-size-default\"><a href=\"tel:+569%208149%200974\">+569 94382233<\/a><\/p>\t\t\t\t<\/div>\n\t\t\t\t<\/div>\n\t\t\t\t<div class=\"elementor-element elementor-element-ec09e2a elementor-widget elementor-widget-heading\" data-id=\"ec09e2a\" data-element_type=\"widget\" data-e-type=\"widget\" data-widget_type=\"heading.default\">\n\t\t\t\t<div class=\"elementor-widget-container\">\n\t\t\t\t\t<p class=\"elementor-heading-title elementor-size-default\">Psicopedagoga titulada de la Universidad Mayor y Educadora Diferencial con menci\u00f3n en integraci\u00f3n escolar titulada de la Universidad Central de Chile.<\/p>\t\t\t\t<\/div>\n\t\t\t\t<\/div>\n\t\t\t\t<div class=\"elementor-element elementor-element-9d0a71d elementor-widget elementor-widget-heading\" data-id=\"9d0a71d\" data-element_type=\"widget\" data-e-type=\"widget\" data-widget_type=\"heading.default\">\n\t\t\t\t<div class=\"elementor-widget-container\">\n\t\t\t\t\t<p class=\"elementor-heading-title elementor-size-default\">Especialista en la ense\u00f1anza del proceso lectoescritor. Cuenta con experiencia en el trabajo con alumnos desde preescolar hasta ense\u00f1anza media. Trabaja con estudiantes que presentan necesidades educativas especiales (NEE), incluyendo ni\u00f1os, ni\u00f1as y adolescentes dentro del espectro autista (TEA), (TDA) y (D.I), desarrollando apoyos ajustados a sus perfiles de aprendizaje y necesidades espec\u00edficas.<\/p>\t\t\t\t<\/div>\n\t\t\t\t<\/div>\n\t\t\t\t<div class=\"elementor-element elementor-element-bff2c2d elementor-widget elementor-widget-heading\" data-id=\"bff2c2d\" data-element_type=\"widget\" data-e-type=\"widget\" data-widget_type=\"heading.default\">\n\t\t\t\t<div class=\"elementor-widget-container\">\n\t\t\t\t\t<p class=\"elementor-heading-title elementor-size-default\">Dentro de su trabajo se encuentra la evaluaci\u00f3n e intervenci\u00f3n psicopedag\u00f3gica, refuerzo escolar, preparaci\u00f3n de evaluaciones, as\u00ed como la ense\u00f1anza y consolidaci\u00f3n de h\u00e1bitos y t\u00e9cnicas de estudio que favorecen la autonom\u00eda y el aprendizaje significativo.<\/p>\t\t\t\t<\/div>\n\t\t\t\t<\/div>\n\t\t\t\t<\/div>\n\t\t\t\t<\/div>\n\t\t<div class=\"elementor-element elementor-element-fd6f915 e-flex e-con-boxed e-con e-parent\" data-id=\"fd6f915\" data-element_type=\"container\" data-e-type=\"container\">\n\t\t\t\t\t<div class=\"e-con-inner\">\n\t\t\t\t<div class=\"elementor-element elementor-element-609b42a elementor-widget elementor-widget-spacer\" data-id=\"609b42a\" data-element_type=\"widget\" data-e-type=\"widget\" data-widget_type=\"spacer.default\">\n\t\t\t\t<div class=\"elementor-widget-container\">\n\t\t\t\t\t\t\t<div class=\"elementor-spacer\">\n\t\t\t<div class=\"elementor-spacer-inner\"><\/div>\n\t\t<\/div>\n\t\t\t\t\t\t<\/div>\n\t\t\t\t<\/div>\n\t\t\t\t\t<\/div>\n\t\t\t\t<\/div>\n\t\t\t\t<\/div>\n\t\t","protected":false},"excerpt":{"rendered":"<p>ALIANZA TERAP\u00c9UTICA La Alianza Terap\u00e9utica es una iniciativa que comenz\u00f3 el a\u00f1o 2012 y que busca acercar a nuestros estudiantes y sus familias a servicios de salud mental, a trav\u00e9s de un convenio con profesionales externos. Estas atenciones se realizan fuera del horario de clases, dentro de nuestro colegio. La buena experiencia y evaluaci\u00f3n del &#8230; <a title=\"Alianza Terap\u00e9utica\" class=\"read-more\" href=\"https:\/\/www.alcantara-alicante.cl\/alcantara-penalolen\/area-academica\/\" aria-label=\"Leer m\u00e1s sobre Alianza Terap\u00e9utica\">Leer m\u00e1s<\/a><\/p>\n","protected":false},"author":1,"featured_media":0,"parent":0,"menu_order":0,"comment_status":"closed","ping_status":"closed","template":"elementor_header_footer","meta":{"footnotes":""},"class_list":["post-124","page","type-page","status-publish"],"aioseo_notices":[],"_links":{"self":[{"href":"https:\/\/www.alcantara-alicante.cl\/alcantara-penalolen\/wp-json\/wp\/v2\/pages\/124","targetHints":{"allow":["GET"]}}],"collection":[{"href":"https:\/\/www.alcantara-alicante.cl\/alcantara-penalolen\/wp-json\/wp\/v2\/pages"}],"about":[{"href":"https:\/\/www.alcantara-alicante.cl\/alcantara-penalolen\/wp-json\/wp\/v2\/types\/page"}],"author":[{"embeddable":true,"href":"https:\/\/www.alcantara-alicante.cl\/alcantara-penalolen\/wp-json\/wp\/v2\/users\/1"}],"replies":[{"embeddable":true,"href":"https:\/\/www.alcantara-alicante.cl\/alcantara-penalolen\/wp-json\/wp\/v2\/comments?post=124"}],"version-history":[{"count":6,"href":"https:\/\/www.alcantara-alicante.cl\/alcantara-penalolen\/wp-json\/wp\/v2\/pages\/124\/revisions"}],"predecessor-version":[{"id":3049,"href":"https:\/\/www.alcantara-alicante.cl\/alcantara-penalolen\/wp-json\/wp\/v2\/pages\/124\/revisions\/3049"}],"wp:attachment":[{"href":"https:\/\/www.alcantara-alicante.cl\/alcantara-penalolen\/wp-json\/wp\/v2\/media?parent=124"}],"curies":[{"name":"wp","href":"https:\/\/api.w.org\/{rel}","templated":true}]}}