{"id":345,"date":"2025-01-18T01:22:10","date_gmt":"2025-01-18T00:22:10","guid":{"rendered":"https:\/\/www.alcantara-alicante.cl\/alcantara-florida\/?page_id=345"},"modified":"2026-03-09T11:00:54","modified_gmt":"2026-03-09T14:00:54","slug":"convenio-de-accidentes","status":"publish","type":"page","link":"https:\/\/www.alcantara-alicante.cl\/alcantara-florida\/convenio-de-accidentes\/","title":{"rendered":"Convenio de Accidentes"},"content":{"rendered":"\t\t<div data-elementor-type=\"wp-page\" data-elementor-id=\"345\" class=\"elementor elementor-345\" data-elementor-post-type=\"page\">\n\t\t\t\t<div class=\"elementor-element elementor-element-10fd323 e-con-full e-flex e-con e-parent\" data-id=\"10fd323\" data-element_type=\"container\" data-e-type=\"container\" data-settings=\"{&quot;background_background&quot;:&quot;classic&quot;}\">\n\t\t\t\t<div class=\"elementor-element elementor-element-89fba94 elementor-widget elementor-widget-heading\" data-id=\"89fba94\" data-element_type=\"widget\" data-e-type=\"widget\" data-widget_type=\"heading.default\">\n\t\t\t\t<div class=\"elementor-widget-container\">\n\t\t\t\t\t<h1 class=\"elementor-heading-title elementor-size-default\">CONVENIO DE ACCIDENTES<\/h1>\t\t\t\t<\/div>\n\t\t\t\t<\/div>\n\t\t\t\t<\/div>\n\t\t<div class=\"elementor-element elementor-element-aa224c2 e-con-full e-flex e-con e-parent\" data-id=\"aa224c2\" data-element_type=\"container\" data-e-type=\"container\" data-settings=\"{&quot;background_background&quot;:&quot;classic&quot;}\">\n\t\t\t\t<div class=\"elementor-element elementor-element-b30d67e elementor-widget elementor-widget-heading\" data-id=\"b30d67e\" data-element_type=\"widget\" data-e-type=\"widget\" data-widget_type=\"heading.default\">\n\t\t\t\t<div class=\"elementor-widget-container\">\n\t\t\t\t\t<p class=\"elementor-heading-title elementor-size-default\">Para mayor informaci\u00f3n y renovar su convenio acceda al siguiente link.\nAl ingresar la instituci\u00f3n en convenio , aparecer\u00e1 el valor especial para el colegio.\u00a0<\/p>\t\t\t\t<\/div>\n\t\t\t\t<\/div>\n\t\t\t\t<div class=\"elementor-element elementor-element-3ea4818 elementor-align-center elementor-tablet-align-justify elementor-invisible elementor-widget elementor-widget-button\" data-id=\"3ea4818\" data-element_type=\"widget\" data-e-type=\"widget\" data-settings=\"{&quot;_animation&quot;:&quot;fadeIn&quot;,&quot;_animation_delay&quot;:300}\" data-widget_type=\"button.default\">\n\t\t\t\t<div class=\"elementor-widget-container\">\n\t\t\t\t\t\t\t\t\t<div class=\"elementor-button-wrapper\">\n\t\t\t\t\t<a class=\"elementor-button elementor-button-link elementor-size-sm elementor-animation-grow\" href=\"https:\/\/www.clinicasantamaria.cl\/seguros-y-convenios\/seguro-de-accidentes-familiar\" target=\"_blank\">\n\t\t\t\t\t\t<span class=\"elementor-button-content-wrapper\">\n\t\t\t\t\t\t<span class=\"elementor-button-icon\">\n\t\t\t\t<svg aria-hidden=\"true\" class=\"e-font-icon-svg e-far-file-pdf\" viewBox=\"0 0 384 512\" xmlns=\"http:\/\/www.w3.org\/2000\/svg\"><path d=\"M369.9 97.9L286 14C277 5 264.8-.1 252.1-.1H48C21.5 0 0 21.5 0 48v416c0 26.5 21.5 48 48 48h288c26.5 0 48-21.5 48-48V131.9c0-12.7-5.1-25-14.1-34zM332.1 128H256V51.9l76.1 76.1zM48 464V48h160v104c0 13.3 10.7 24 24 24h104v288H48zm250.2-143.7c-12.2-12-47-8.7-64.4-6.5-17.2-10.5-28.7-25-36.8-46.3 3.9-16.1 10.1-40.6 5.4-56-4.2-26.2-37.8-23.6-42.6-5.9-4.4 16.1-.4 38.5 7 67.1-10 23.9-24.9 56-35.4 74.4-20 10.3-47 26.2-51 46.2-3.3 15.8 26 55.2 76.1-31.2 22.4-7.4 46.8-16.5 68.4-20.1 18.9 10.2 41 17 55.8 17 25.5 0 28-28.2 17.5-38.7zm-198.1 77.8c5.1-13.7 24.5-29.5 30.4-35-19 30.3-30.4 35.7-30.4 35zm81.6-190.6c7.4 0 6.7 32.1 1.8 40.8-4.4-13.9-4.3-40.8-1.8-40.8zm-24.4 136.6c9.7-16.9 18-37 24.7-54.7 8.3 15.1 18.9 27.2 30.1 35.5-20.8 4.3-38.9 13.1-54.8 19.2zm131.6-5s-5 6-37.3-7.8c35.1-2.6 40.9 5.4 37.3 7.8z\"><\/path><\/svg>\t\t\t<\/span>\n\t\t\t\t\t\t\t\t\t<span class=\"elementor-button-text\">Ingresa al Convenio Familia de Accidentes Traum\u00e1ticos<\/span>\n\t\t\t\t\t<\/span>\n\t\t\t\t\t<\/a>\n\t\t\t\t<\/div>\n\t\t\t\t\t\t\t\t<\/div>\n\t\t\t\t<\/div>\n\t\t\t\t<div class=\"elementor-element elementor-element-f84c667 elementor-widget elementor-widget-image\" data-id=\"f84c667\" data-element_type=\"widget\" data-e-type=\"widget\" data-widget_type=\"image.default\">\n\t\t\t\t<div class=\"elementor-widget-container\">\n\t\t\t\t\t\t\t\t\t\t\t\t\t\t\t\t<a href=\"https:\/\/www.alcantara-alicante.cl\/alcantara-florida\/wp-content\/uploads\/sites\/2\/2026\/03\/ALCANTARA-LA-FLORIDA-2026-scaled.jpg\" data-elementor-open-lightbox=\"yes\" data-elementor-lightbox-title=\"ALCANTARA LA FLORIDA 2026\" data-e-action-hash=\"#elementor-action%3Aaction%3Dlightbox%26settings%3DeyJpZCI6MzczNSwidXJsIjoiaHR0cHM6XC9cL3d3dy5hbGNhbnRhcmEtYWxpY2FudGUuY2xcL2FsY2FudGFyYS1mbG9yaWRhXC93cC1jb250ZW50XC91cGxvYWRzXC9zaXRlc1wvMlwvMjAyNlwvMDNcL0FMQ0FOVEFSQS1MQS1GTE9SSURBLTIwMjYtc2NhbGVkLmpwZyJ9\">\n\t\t\t\t\t\t\t<img fetchpriority=\"high\" decoding=\"async\" width=\"1554\" height=\"2560\" src=\"https:\/\/www.alcantara-alicante.cl\/alcantara-florida\/wp-content\/uploads\/sites\/2\/2026\/03\/ALCANTARA-LA-FLORIDA-2026-scaled.jpg\" class=\"attachment-full size-full wp-image-3735\" alt=\"\" srcset=\"https:\/\/www.alcantara-alicante.cl\/alcantara-florida\/wp-content\/uploads\/sites\/2\/2026\/03\/ALCANTARA-LA-FLORIDA-2026-scaled.jpg 1554w, https:\/\/www.alcantara-alicante.cl\/alcantara-florida\/wp-content\/uploads\/sites\/2\/2026\/03\/ALCANTARA-LA-FLORIDA-2026-182x300.jpg 182w, https:\/\/www.alcantara-alicante.cl\/alcantara-florida\/wp-content\/uploads\/sites\/2\/2026\/03\/ALCANTARA-LA-FLORIDA-2026-622x1024.jpg 622w, https:\/\/www.alcantara-alicante.cl\/alcantara-florida\/wp-content\/uploads\/sites\/2\/2026\/03\/ALCANTARA-LA-FLORIDA-2026-768x1265.jpg 768w, https:\/\/www.alcantara-alicante.cl\/alcantara-florida\/wp-content\/uploads\/sites\/2\/2026\/03\/ALCANTARA-LA-FLORIDA-2026-933x1536.jpg 933w, https:\/\/www.alcantara-alicante.cl\/alcantara-florida\/wp-content\/uploads\/sites\/2\/2026\/03\/ALCANTARA-LA-FLORIDA-2026-1243x2048.jpg 1243w\" sizes=\"(max-width: 1554px) 100vw, 1554px\" \/>\t\t\t\t\t\t\t\t<\/a>\n\t\t\t\t\t\t\t\t\t\t\t\t\t\t\t<\/div>\n\t\t\t\t<\/div>\n\t\t\t\t<\/div>\n\t\t\t\t<\/div>\n\t\t","protected":false},"excerpt":{"rendered":"<p>CONVENIO DE ACCIDENTES Para mayor informaci\u00f3n y renovar su convenio acceda al siguiente link. Al ingresar la instituci\u00f3n en convenio , aparecer\u00e1 el valor especial para el colegio.\u00a0 Ingresa al Convenio Familia de Accidentes Traum\u00e1ticos<\/p>\n","protected":false},"author":1,"featured_media":0,"parent":0,"menu_order":0,"comment_status":"closed","ping_status":"closed","template":"elementor_header_footer","meta":{"footnotes":""},"class_list":["post-345","page","type-page","status-publish"],"aioseo_notices":[],"_links":{"self":[{"href":"https:\/\/www.alcantara-alicante.cl\/alcantara-florida\/wp-json\/wp\/v2\/pages\/345","targetHints":{"allow":["GET"]}}],"collection":[{"href":"https:\/\/www.alcantara-alicante.cl\/alcantara-florida\/wp-json\/wp\/v2\/pages"}],"about":[{"href":"https:\/\/www.alcantara-alicante.cl\/alcantara-florida\/wp-json\/wp\/v2\/types\/page"}],"author":[{"embeddable":true,"href":"https:\/\/www.alcantara-alicante.cl\/alcantara-florida\/wp-json\/wp\/v2\/users\/1"}],"replies":[{"embeddable":true,"href":"https:\/\/www.alcantara-alicante.cl\/alcantara-florida\/wp-json\/wp\/v2\/comments?post=345"}],"version-history":[{"count":3,"href":"https:\/\/www.alcantara-alicante.cl\/alcantara-florida\/wp-json\/wp\/v2\/pages\/345\/revisions"}],"predecessor-version":[{"id":3738,"href":"https:\/\/www.alcantara-alicante.cl\/alcantara-florida\/wp-json\/wp\/v2\/pages\/345\/revisions\/3738"}],"wp:attachment":[{"href":"https:\/\/www.alcantara-alicante.cl\/alcantara-florida\/wp-json\/wp\/v2\/media?parent=345"}],"curies":[{"name":"wp","href":"https:\/\/api.w.org\/{rel}","templated":true}]}}