{"id":301,"date":"2025-01-17T17:43:28","date_gmt":"2025-01-17T16:43:28","guid":{"rendered":"https:\/\/www.alcantara-alicante.cl\/alcantara-florida\/?page_id=301"},"modified":"2025-12-30T13:24:02","modified_gmt":"2025-12-30T16:24:02","slug":"transporte-escolar","status":"publish","type":"page","link":"https:\/\/www.alcantara-alicante.cl\/alcantara-florida\/transporte-escolar\/","title":{"rendered":"Transporte Escolar"},"content":{"rendered":"\t\t<div data-elementor-type=\"wp-page\" data-elementor-id=\"301\" class=\"elementor elementor-301\" data-elementor-post-type=\"page\">\n\t\t\t\t<div class=\"elementor-element elementor-element-f199f13 e-con-full e-flex e-con e-parent\" data-id=\"f199f13\" data-element_type=\"container\" data-e-type=\"container\" data-settings=\"{&quot;background_background&quot;:&quot;classic&quot;}\">\n\t\t\t\t<div class=\"elementor-element elementor-element-acc1c2b elementor-widget elementor-widget-heading\" data-id=\"acc1c2b\" data-element_type=\"widget\" data-e-type=\"widget\" data-widget_type=\"heading.default\">\n\t\t\t\t<div class=\"elementor-widget-container\">\n\t\t\t\t\t<h1 class=\"elementor-heading-title elementor-size-default\">TRANSPORTE ESCOLAR<\/h1>\t\t\t\t<\/div>\n\t\t\t\t<\/div>\n\t\t\t\t<\/div>\n\t\t<div class=\"elementor-element elementor-element-fe743b3 e-con-full e-flex e-con e-parent\" data-id=\"fe743b3\" data-element_type=\"container\" data-e-type=\"container\" data-settings=\"{&quot;background_background&quot;:&quot;classic&quot;}\">\n\t\t<div class=\"elementor-element elementor-element-04c649e e-con-full e-flex e-con e-child\" data-id=\"04c649e\" data-element_type=\"container\" data-e-type=\"container\">\n\t\t\t\t<div class=\"elementor-element elementor-element-abecbb1 elementor-widget elementor-widget-heading\" data-id=\"abecbb1\" data-element_type=\"widget\" data-e-type=\"widget\" data-widget_type=\"heading.default\">\n\t\t\t\t<div class=\"elementor-widget-container\">\n\t\t\t\t\t<p class=\"elementor-heading-title elementor-size-default\">El Transporte Escolar autorizado les da la m\u00e1s cordial bienvenida al a\u00f1o escolar 2025. Invitamos a los Padres y\/o Apoderados a reservar su cupo en este Transporte Escolar. Los profesionales de este servicio, cuentan con la supervisi\u00f3n de la normativa vigente, para realizar el servicio de transporte escolar, adem\u00e1s de verificar el certificado de inhabilidades para trabajar con ni\u00f1os y ni\u00f1as, otorgado por el Registro Civil.<\/p>\t\t\t\t<\/div>\n\t\t\t\t<\/div>\n\t\t\t\t<div class=\"elementor-element elementor-element-8971e3a elementor-widget elementor-widget-heading\" data-id=\"8971e3a\" data-element_type=\"widget\" data-e-type=\"widget\" data-widget_type=\"heading.default\">\n\t\t\t\t<div class=\"elementor-widget-container\">\n\t\t\t\t\t<p class=\"elementor-heading-title elementor-size-default\">El Ministerio de Educaci\u00f3n y el Ministerio de Salud han dado los lineamientos para iniciar este a\u00f1o escolar 2025, esperamos que las condiciones\u00a0 sanitarias permitan un proceso escolar\u00a0 normal. Los acuerdos econ\u00f3micos entre apoderado y transportista queda en el contexto de lo privado.<\/p>\t\t\t\t<\/div>\n\t\t\t\t<\/div>\n\t\t\t\t<div class=\"elementor-element elementor-element-13fe5f0 elementor-widget elementor-widget-heading\" data-id=\"13fe5f0\" data-element_type=\"widget\" data-e-type=\"widget\" data-widget_type=\"heading.default\">\n\t\t\t\t<div class=\"elementor-widget-container\">\n\t\t\t\t\t<p class=\"elementor-heading-title elementor-size-default\">Cabe mencionar que los transportistas autorizados son interlocutores v\u00e1lidos entres los Padres y\/o Apoderados y el Colegio. Los cupos son limitados, aqu\u00ed dejamos el medio de contacto con ellos.<\/p>\t\t\t\t<\/div>\n\t\t\t\t<\/div>\n\t\t\t\t<div class=\"elementor-element elementor-element-0f6baad elementor-widget elementor-widget-text-editor\" data-id=\"0f6baad\" data-element_type=\"widget\" data-e-type=\"widget\" data-widget_type=\"text-editor.default\">\n\t\t\t\t<div class=\"elementor-widget-container\">\n\t\t\t\t\t\t\t\t\t<p><strong>Georgina Mena E.<\/strong><br \/>Inspectora General<br \/>Encargada del Transporte Escolar.<\/p>\t\t\t\t\t\t\t\t<\/div>\n\t\t\t\t<\/div>\n\t\t\t\t<\/div>\n\t\t\t\t<\/div>\n\t\t<div class=\"elementor-element elementor-element-24a9804 e-con-full e-flex e-con e-parent\" data-id=\"24a9804\" data-element_type=\"container\" data-e-type=\"container\" data-settings=\"{&quot;background_background&quot;:&quot;classic&quot;}\">\n\t\t\t\t<div class=\"elementor-element elementor-element-520ba27 elementor-widget elementor-widget-heading\" data-id=\"520ba27\" data-element_type=\"widget\" data-e-type=\"widget\" data-widget_type=\"heading.default\">\n\t\t\t\t<div class=\"elementor-widget-container\">\n\t\t\t\t\t<h2 class=\"elementor-heading-title elementor-size-default\">TRANSPORTISTAS AUTORIZADOS<\/h2>\t\t\t\t<\/div>\n\t\t\t\t<\/div>\n\t\t\t\t<div class=\"elementor-element elementor-element-2e65c1e elementor-widget elementor-widget-heading\" data-id=\"2e65c1e\" data-element_type=\"widget\" data-e-type=\"widget\" data-widget_type=\"heading.default\">\n\t\t\t\t<div class=\"elementor-widget-container\">\n\t\t\t\t\t<p class=\"elementor-heading-title elementor-size-default\">Contamos con un grupo de transportistas autorizados para acceder al estacionamiento del colegio.\u2028<br>Permanentemente son supervisados la documentaci\u00f3n de los conductores y de los veh\u00edculos.<\/p>\t\t\t\t<\/div>\n\t\t\t\t<\/div>\n\t\t\t\t<\/div>\n\t\t<div class=\"elementor-element elementor-element-aa81003 e-con-full e-flex e-con e-parent\" data-id=\"aa81003\" data-element_type=\"container\" data-e-type=\"container\" data-settings=\"{&quot;background_background&quot;:&quot;classic&quot;}\">\n\t\t<div class=\"elementor-element elementor-element-d22ac47 e-grid e-con-full e-con e-child\" data-id=\"d22ac47\" data-element_type=\"container\" data-e-type=\"container\">\n\t\t<div class=\"elementor-element elementor-element-796afd9 e-con-full e-flex e-con e-child\" data-id=\"796afd9\" data-element_type=\"container\" data-e-type=\"container\">\n\t\t\t\t<div class=\"elementor-element elementor-element-09bf0ee elementor-widget-mobile__width-inherit elementor-widget elementor-widget-image\" data-id=\"09bf0ee\" data-element_type=\"widget\" data-e-type=\"widget\" data-widget_type=\"image.default\">\n\t\t\t\t<div class=\"elementor-widget-container\">\n\t\t\t\t\t\t\t\t\t\t\t\t\t\t\t<img fetchpriority=\"high\" decoding=\"async\" width=\"600\" height=\"600\" src=\"https:\/\/www.alcantara-alicante.cl\/alcantara-florida\/wp-content\/uploads\/sites\/2\/2025\/04\/Elizabeth-Torres.png\" class=\"attachment-full size-full wp-image-2998\" alt=\"\" srcset=\"https:\/\/www.alcantara-alicante.cl\/alcantara-florida\/wp-content\/uploads\/sites\/2\/2025\/04\/Elizabeth-Torres.png 600w, https:\/\/www.alcantara-alicante.cl\/alcantara-florida\/wp-content\/uploads\/sites\/2\/2025\/04\/Elizabeth-Torres-300x300.png 300w, https:\/\/www.alcantara-alicante.cl\/alcantara-florida\/wp-content\/uploads\/sites\/2\/2025\/04\/Elizabeth-Torres-150x150.png 150w\" sizes=\"(max-width: 600px) 100vw, 600px\" \/>\t\t\t\t\t\t\t\t\t\t\t\t\t\t\t<\/div>\n\t\t\t\t<\/div>\n\t\t<div class=\"elementor-element elementor-element-d319ac2 e-con-full e-flex e-con e-child\" data-id=\"d319ac2\" data-element_type=\"container\" data-e-type=\"container\">\n\t\t\t\t<div class=\"elementor-element elementor-element-c8fdd3e elementor-widget elementor-widget-heading\" data-id=\"c8fdd3e\" data-element_type=\"widget\" data-e-type=\"widget\" data-widget_type=\"heading.default\">\n\t\t\t\t<div class=\"elementor-widget-container\">\n\t\t\t\t\t<p class=\"elementor-heading-title elementor-size-default\">Elizabeth Torres L\u00f3pez<\/p>\t\t\t\t<\/div>\n\t\t\t\t<\/div>\n\t\t\t\t<div class=\"elementor-element elementor-element-f2a98b3 elementor-widget-divider--view-line elementor-widget elementor-widget-divider\" data-id=\"f2a98b3\" data-element_type=\"widget\" data-e-type=\"widget\" data-widget_type=\"divider.default\">\n\t\t\t\t<div class=\"elementor-widget-container\">\n\t\t\t\t\t\t\t<div class=\"elementor-divider\">\n\t\t\t<span class=\"elementor-divider-separator\">\n\t\t\t\t\t\t<\/span>\n\t\t<\/div>\n\t\t\t\t\t\t<\/div>\n\t\t\t\t<\/div>\n\t\t\t\t<div class=\"elementor-element elementor-element-8d0848a elementor-icon-list--layout-inline elementor-align-center elementor-mobile-align-center elementor-list-item-link-full_width elementor-widget elementor-widget-icon-list\" data-id=\"8d0848a\" data-element_type=\"widget\" data-e-type=\"widget\" data-widget_type=\"icon-list.default\">\n\t\t\t\t<div class=\"elementor-widget-container\">\n\t\t\t\t\t\t\t<ul class=\"elementor-icon-list-items elementor-inline-items\">\n\t\t\t\t\t\t\t<li class=\"elementor-icon-list-item elementor-inline-item\">\n\t\t\t\t\t\t\t\t\t\t\t<a href=\"tel:+56974740090\" target=\"_blank\">\n\n\t\t\t\t\t\t\t\t\t\t\t<span class=\"elementor-icon-list-text\">\u00a0+56 9 7474 0090<\/span>\n\t\t\t\t\t\t\t\t\t\t\t<\/a>\n\t\t\t\t\t\t\t\t\t<\/li>\n\t\t\t\t\t\t\t\t<li class=\"elementor-icon-list-item elementor-inline-item\">\n\t\t\t\t\t\t\t\t\t\t\t<a href=\"mailto:tiaely_1@hotmail.com\" target=\"_blank\">\n\n\t\t\t\t\t\t\t\t\t\t\t<span class=\"elementor-icon-list-text\">tiaely_1@hotmail.com<\/span>\n\t\t\t\t\t\t\t\t\t\t\t<\/a>\n\t\t\t\t\t\t\t\t\t<\/li>\n\t\t\t\t\t\t<\/ul>\n\t\t\t\t\t\t<\/div>\n\t\t\t\t<\/div>\n\t\t\t\t<\/div>\n\t\t\t\t<\/div>\n\t\t<div class=\"elementor-element elementor-element-40dfe30 e-con-full e-flex e-con e-child\" data-id=\"40dfe30\" data-element_type=\"container\" data-e-type=\"container\">\n\t\t\t\t<div class=\"elementor-element elementor-element-e1298e9 elementor-widget-mobile__width-inherit elementor-widget elementor-widget-image\" data-id=\"e1298e9\" data-element_type=\"widget\" data-e-type=\"widget\" data-widget_type=\"image.default\">\n\t\t\t\t<div class=\"elementor-widget-container\">\n\t\t\t\t\t\t\t\t\t\t\t\t\t\t\t<img decoding=\"async\" width=\"600\" height=\"600\" src=\"https:\/\/www.alcantara-alicante.cl\/alcantara-florida\/wp-content\/uploads\/sites\/2\/2025\/04\/Franco-De-Vico-Gonzalez.png\" class=\"attachment-full size-full wp-image-2999\" alt=\"\" srcset=\"https:\/\/www.alcantara-alicante.cl\/alcantara-florida\/wp-content\/uploads\/sites\/2\/2025\/04\/Franco-De-Vico-Gonzalez.png 600w, https:\/\/www.alcantara-alicante.cl\/alcantara-florida\/wp-content\/uploads\/sites\/2\/2025\/04\/Franco-De-Vico-Gonzalez-300x300.png 300w, https:\/\/www.alcantara-alicante.cl\/alcantara-florida\/wp-content\/uploads\/sites\/2\/2025\/04\/Franco-De-Vico-Gonzalez-150x150.png 150w\" sizes=\"(max-width: 600px) 100vw, 600px\" \/>\t\t\t\t\t\t\t\t\t\t\t\t\t\t\t<\/div>\n\t\t\t\t<\/div>\n\t\t<div class=\"elementor-element elementor-element-1e09457 e-con-full e-flex e-con e-child\" data-id=\"1e09457\" data-element_type=\"container\" data-e-type=\"container\">\n\t\t\t\t<div class=\"elementor-element elementor-element-3c87678 elementor-widget elementor-widget-heading\" data-id=\"3c87678\" data-element_type=\"widget\" data-e-type=\"widget\" data-widget_type=\"heading.default\">\n\t\t\t\t<div class=\"elementor-widget-container\">\n\t\t\t\t\t<p class=\"elementor-heading-title elementor-size-default\">Franco De Vico Gonz\u00e1lez <\/p>\t\t\t\t<\/div>\n\t\t\t\t<\/div>\n\t\t\t\t<div class=\"elementor-element elementor-element-7ee058b elementor-widget-divider--view-line elementor-widget elementor-widget-divider\" data-id=\"7ee058b\" data-element_type=\"widget\" data-e-type=\"widget\" data-widget_type=\"divider.default\">\n\t\t\t\t<div class=\"elementor-widget-container\">\n\t\t\t\t\t\t\t<div class=\"elementor-divider\">\n\t\t\t<span class=\"elementor-divider-separator\">\n\t\t\t\t\t\t<\/span>\n\t\t<\/div>\n\t\t\t\t\t\t<\/div>\n\t\t\t\t<\/div>\n\t\t\t\t<div class=\"elementor-element elementor-element-e9bf0fc elementor-align-center elementor-icon-list--layout-traditional elementor-list-item-link-full_width elementor-widget elementor-widget-icon-list\" data-id=\"e9bf0fc\" data-element_type=\"widget\" data-e-type=\"widget\" data-widget_type=\"icon-list.default\">\n\t\t\t\t<div class=\"elementor-widget-container\">\n\t\t\t\t\t\t\t<ul class=\"elementor-icon-list-items\">\n\t\t\t\t\t\t\t<li class=\"elementor-icon-list-item\">\n\t\t\t\t\t\t\t\t\t\t\t<a href=\"tel:+56988564985\" target=\"_blank\">\n\n\t\t\t\t\t\t\t\t\t\t\t<span class=\"elementor-icon-list-text\">\u00a0+56 9 5949 4786<\/span>\n\t\t\t\t\t\t\t\t\t\t\t<\/a>\n\t\t\t\t\t\t\t\t\t<\/li>\n\t\t\t\t\t\t<\/ul>\n\t\t\t\t\t\t<\/div>\n\t\t\t\t<\/div>\n\t\t\t\t<div class=\"elementor-element elementor-element-c86c291 elementor-icon-list--layout-inline elementor-align-center elementor-mobile-align-center elementor-list-item-link-full_width elementor-widget elementor-widget-icon-list\" data-id=\"c86c291\" data-element_type=\"widget\" data-e-type=\"widget\" data-widget_type=\"icon-list.default\">\n\t\t\t\t<div class=\"elementor-widget-container\">\n\t\t\t\t\t\t\t<ul class=\"elementor-icon-list-items elementor-inline-items\">\n\t\t\t\t\t\t\t<li class=\"elementor-icon-list-item elementor-inline-item\">\n\t\t\t\t\t\t\t\t\t\t\t<a href=\"tel:+56974740090\" target=\"_blank\">\n\n\t\t\t\t\t\t\t\t\t\t\t<span class=\"elementor-icon-list-text\"><\/span>\n\t\t\t\t\t\t\t\t\t\t\t<\/a>\n\t\t\t\t\t\t\t\t\t<\/li>\n\t\t\t\t\t\t\t\t<li class=\"elementor-icon-list-item elementor-inline-item\">\n\t\t\t\t\t\t\t\t\t\t\t<a href=\"mailto:tiaely_1@hotmail.com\" target=\"_blank\">\n\n\t\t\t\t\t\t\t\t\t\t\t<span class=\"elementor-icon-list-text\"><\/span>\n\t\t\t\t\t\t\t\t\t\t\t<\/a>\n\t\t\t\t\t\t\t\t\t<\/li>\n\t\t\t\t\t\t<\/ul>\n\t\t\t\t\t\t<\/div>\n\t\t\t\t<\/div>\n\t\t\t\t<\/div>\n\t\t\t\t<\/div>\n\t\t<div class=\"elementor-element elementor-element-45c22e5 e-con-full e-flex e-con e-child\" data-id=\"45c22e5\" data-element_type=\"container\" data-e-type=\"container\">\n\t\t\t\t<div class=\"elementor-element elementor-element-4289208 elementor-widget-mobile__width-inherit elementor-widget elementor-widget-image\" data-id=\"4289208\" data-element_type=\"widget\" data-e-type=\"widget\" data-widget_type=\"image.default\">\n\t\t\t\t<div class=\"elementor-widget-container\">\n\t\t\t\t\t\t\t\t\t\t\t\t\t\t\t<img decoding=\"async\" width=\"600\" height=\"600\" src=\"https:\/\/www.alcantara-alicante.cl\/alcantara-florida\/wp-content\/uploads\/sites\/2\/2025\/04\/Maria-Ignacia-Ramirez.png\" class=\"attachment-full size-full wp-image-2997\" alt=\"\" srcset=\"https:\/\/www.alcantara-alicante.cl\/alcantara-florida\/wp-content\/uploads\/sites\/2\/2025\/04\/Maria-Ignacia-Ramirez.png 600w, https:\/\/www.alcantara-alicante.cl\/alcantara-florida\/wp-content\/uploads\/sites\/2\/2025\/04\/Maria-Ignacia-Ramirez-300x300.png 300w, https:\/\/www.alcantara-alicante.cl\/alcantara-florida\/wp-content\/uploads\/sites\/2\/2025\/04\/Maria-Ignacia-Ramirez-150x150.png 150w\" sizes=\"(max-width: 600px) 100vw, 600px\" \/>\t\t\t\t\t\t\t\t\t\t\t\t\t\t\t<\/div>\n\t\t\t\t<\/div>\n\t\t<div class=\"elementor-element elementor-element-7af60af e-con-full e-flex e-con e-child\" data-id=\"7af60af\" data-element_type=\"container\" data-e-type=\"container\">\n\t\t\t\t<div class=\"elementor-element elementor-element-d41899d elementor-widget elementor-widget-heading\" data-id=\"d41899d\" data-element_type=\"widget\" data-e-type=\"widget\" data-widget_type=\"heading.default\">\n\t\t\t\t<div class=\"elementor-widget-container\">\n\t\t\t\t\t<p class=\"elementor-heading-title elementor-size-default\">Mar\u00eda Ignacia Ram\u00edrez<\/p>\t\t\t\t<\/div>\n\t\t\t\t<\/div>\n\t\t\t\t<div class=\"elementor-element elementor-element-31c2a73 elementor-widget-divider--view-line elementor-widget elementor-widget-divider\" data-id=\"31c2a73\" data-element_type=\"widget\" data-e-type=\"widget\" data-widget_type=\"divider.default\">\n\t\t\t\t<div class=\"elementor-widget-container\">\n\t\t\t\t\t\t\t<div class=\"elementor-divider\">\n\t\t\t<span class=\"elementor-divider-separator\">\n\t\t\t\t\t\t<\/span>\n\t\t<\/div>\n\t\t\t\t\t\t<\/div>\n\t\t\t\t<\/div>\n\t\t\t\t<div class=\"elementor-element elementor-element-02ea55c elementor-align-center elementor-icon-list--layout-traditional elementor-list-item-link-full_width elementor-widget elementor-widget-icon-list\" data-id=\"02ea55c\" data-element_type=\"widget\" data-e-type=\"widget\" data-widget_type=\"icon-list.default\">\n\t\t\t\t<div class=\"elementor-widget-container\">\n\t\t\t\t\t\t\t<ul class=\"elementor-icon-list-items\">\n\t\t\t\t\t\t\t<li class=\"elementor-icon-list-item\">\n\t\t\t\t\t\t\t\t\t\t\t<a href=\"tel:+56988564985\" target=\"_blank\">\n\n\t\t\t\t\t\t\t\t\t\t\t<span class=\"elementor-icon-list-text\">\u00a0+56 9 8856 4985<\/span>\n\t\t\t\t\t\t\t\t\t\t\t<\/a>\n\t\t\t\t\t\t\t\t\t<\/li>\n\t\t\t\t\t\t<\/ul>\n\t\t\t\t\t\t<\/div>\n\t\t\t\t<\/div>\n\t\t\t\t<\/div>\n\t\t\t\t<\/div>\n\t\t<div class=\"elementor-element elementor-element-7611baf e-con-full e-flex e-con e-child\" data-id=\"7611baf\" data-element_type=\"container\" data-e-type=\"container\">\n\t\t\t\t<\/div>\n\t\t\t\t<\/div>\n\t\t\t\t<\/div>\n\t\t\t\t<\/div>\n\t\t","protected":false},"excerpt":{"rendered":"<p>TRANSPORTE ESCOLAR El Transporte Escolar autorizado les da la m\u00e1s cordial bienvenida al a\u00f1o escolar 2025. Invitamos a los Padres y\/o Apoderados a reservar su cupo en este Transporte Escolar. Los profesionales de este servicio, cuentan con la supervisi\u00f3n de la normativa vigente, para realizar el servicio de transporte escolar, adem\u00e1s de verificar el certificado &#8230; <a title=\"Transporte Escolar\" class=\"read-more\" href=\"https:\/\/www.alcantara-alicante.cl\/alcantara-florida\/transporte-escolar\/\" aria-label=\"Leer m\u00e1s sobre Transporte Escolar\">Leer m\u00e1s<\/a><\/p>\n","protected":false},"author":1,"featured_media":0,"parent":0,"menu_order":0,"comment_status":"closed","ping_status":"closed","template":"elementor_header_footer","meta":{"footnotes":""},"class_list":["post-301","page","type-page","status-publish"],"aioseo_notices":[],"_links":{"self":[{"href":"https:\/\/www.alcantara-alicante.cl\/alcantara-florida\/wp-json\/wp\/v2\/pages\/301","targetHints":{"allow":["GET"]}}],"collection":[{"href":"https:\/\/www.alcantara-alicante.cl\/alcantara-florida\/wp-json\/wp\/v2\/pages"}],"about":[{"href":"https:\/\/www.alcantara-alicante.cl\/alcantara-florida\/wp-json\/wp\/v2\/types\/page"}],"author":[{"embeddable":true,"href":"https:\/\/www.alcantara-alicante.cl\/alcantara-florida\/wp-json\/wp\/v2\/users\/1"}],"replies":[{"embeddable":true,"href":"https:\/\/www.alcantara-alicante.cl\/alcantara-florida\/wp-json\/wp\/v2\/comments?post=301"}],"version-history":[{"count":3,"href":"https:\/\/www.alcantara-alicante.cl\/alcantara-florida\/wp-json\/wp\/v2\/pages\/301\/revisions"}],"predecessor-version":[{"id":3696,"href":"https:\/\/www.alcantara-alicante.cl\/alcantara-florida\/wp-json\/wp\/v2\/pages\/301\/revisions\/3696"}],"wp:attachment":[{"href":"https:\/\/www.alcantara-alicante.cl\/alcantara-florida\/wp-json\/wp\/v2\/media?parent=301"}],"curies":[{"name":"wp","href":"https:\/\/api.w.org\/{rel}","templated":true}]}}