{"id":2610,"date":"2025-04-03T13:01:33","date_gmt":"2025-04-03T16:01:33","guid":{"rendered":"https:\/\/www.alcantara-alicante.cl\/alcantara-florida\/?page_id=2610"},"modified":"2025-04-28T15:34:33","modified_gmt":"2025-04-28T19:34:33","slug":"educar-es-tarea-de-todos","status":"publish","type":"page","link":"https:\/\/www.alcantara-alicante.cl\/alcantara-florida\/educar-es-tarea-de-todos\/","title":{"rendered":"Educar es tarea de todos"},"content":{"rendered":"\t\t<div data-elementor-type=\"wp-page\" data-elementor-id=\"2610\" class=\"elementor elementor-2610\" data-elementor-post-type=\"page\">\n\t\t\t\t<div class=\"elementor-element elementor-element-7485430 e-con-full e-flex e-con e-parent\" data-id=\"7485430\" data-element_type=\"container\" data-e-type=\"container\" data-settings=\"{&quot;background_background&quot;:&quot;classic&quot;}\">\n\t\t\t\t<div class=\"elementor-element elementor-element-d0d39fd elementor-widget elementor-widget-heading\" data-id=\"d0d39fd\" data-element_type=\"widget\" data-e-type=\"widget\" data-widget_type=\"heading.default\">\n\t\t\t\t<div class=\"elementor-widget-container\">\n\t\t\t\t\t<h1 class=\"elementor-heading-title elementor-size-default\">EDUCAR ES TAREA DE TODOS<\/h1>\t\t\t\t<\/div>\n\t\t\t\t<\/div>\n\t\t\t\t<\/div>\n\t\t<div class=\"elementor-element elementor-element-6454003 e-con-full e-flex e-con e-parent\" data-id=\"6454003\" data-element_type=\"container\" data-e-type=\"container\" data-settings=\"{&quot;background_background&quot;:&quot;classic&quot;}\">\n\t\t\t\t<div class=\"elementor-element elementor-element-c7bc59b elementor-grid-4 elementor-grid-tablet-2 elementor-grid-mobile-1 elementor-posts--thumbnail-top elementor-card-shadow-yes elementor-posts__hover-gradient elementor-widget elementor-widget-posts\" data-id=\"c7bc59b\" data-element_type=\"widget\" data-e-type=\"widget\" data-settings=\"{&quot;cards_columns&quot;:&quot;4&quot;,&quot;cards_row_gap&quot;:{&quot;unit&quot;:&quot;px&quot;,&quot;size&quot;:30,&quot;sizes&quot;:[]},&quot;cards_columns_tablet&quot;:&quot;2&quot;,&quot;cards_columns_mobile&quot;:&quot;1&quot;,&quot;cards_row_gap_laptop&quot;:{&quot;unit&quot;:&quot;px&quot;,&quot;size&quot;:&quot;&quot;,&quot;sizes&quot;:[]},&quot;cards_row_gap_tablet&quot;:{&quot;unit&quot;:&quot;px&quot;,&quot;size&quot;:&quot;&quot;,&quot;sizes&quot;:[]},&quot;cards_row_gap_mobile&quot;:{&quot;unit&quot;:&quot;px&quot;,&quot;size&quot;:&quot;&quot;,&quot;sizes&quot;:[]}}\" data-widget_type=\"posts.cards\">\n\t\t\t\t<div class=\"elementor-widget-container\">\n\t\t\t\t\t\t\t<div class=\"elementor-posts-container elementor-posts elementor-posts--skin-cards elementor-grid\" role=\"list\">\n\t\t\t\t<article class=\"elementor-post elementor-grid-item post-1172 post type-post status-publish format-standard has-post-thumbnail hentry category-convivencia-escolar category-destacadas category-hacer-familia category-valoricas\" role=\"listitem\">\n\t\t\t<div class=\"elementor-post__card\">\n\t\t\t\t<a class=\"elementor-post__thumbnail__link\" href=\"https:\/\/www.alcantara-alicante.cl\/alcantara-florida\/educar-es-tarea-de-todos-que-es-el-bullying\/\" tabindex=\"-1\" ><div class=\"elementor-post__thumbnail\"><img fetchpriority=\"high\" decoding=\"async\" width=\"300\" height=\"300\" src=\"https:\/\/www.alcantara-alicante.cl\/alcantara-florida\/wp-content\/uploads\/sites\/2\/2025\/01\/freepik__adjust__74504-300x300.jpg\" class=\"attachment-medium size-medium wp-image-2318\" alt=\"\" srcset=\"https:\/\/www.alcantara-alicante.cl\/alcantara-florida\/wp-content\/uploads\/sites\/2\/2025\/01\/freepik__adjust__74504-300x300.jpg 300w, https:\/\/www.alcantara-alicante.cl\/alcantara-florida\/wp-content\/uploads\/sites\/2\/2025\/01\/freepik__adjust__74504-150x150.jpg 150w, https:\/\/www.alcantara-alicante.cl\/alcantara-florida\/wp-content\/uploads\/sites\/2\/2025\/01\/freepik__adjust__74504.jpg 667w\" sizes=\"(max-width: 300px) 100vw, 300px\" \/><\/div><\/a>\n\t\t\t\t<div class=\"elementor-post__badge\">Convivencia Escolar<\/div>\n\t\t\t\t<div class=\"elementor-post__text\">\n\t\t\t\t<h3 class=\"elementor-post__title\">\n\t\t\t<a href=\"https:\/\/www.alcantara-alicante.cl\/alcantara-florida\/educar-es-tarea-de-todos-que-es-el-bullying\/\" >\n\t\t\t\tEducar es Tarea de Todos: Qu\u00e9 es el bullying\t\t\t<\/a>\n\t\t<\/h3>\n\t\t\t\t<div class=\"elementor-post__excerpt\">\n\t\t\t<p>A continuaci\u00f3n revise video educativo preparado por el Departamento de Convivencia Escolar https:\/\/youtu.be\/STH_QkEWvxo<\/p>\n\t\t<\/div>\n\t\t\t\t\t<div class=\"elementor-post__read-more-wrapper\">\n\t\t\n\t\t<a class=\"elementor-post__read-more\" href=\"https:\/\/www.alcantara-alicante.cl\/alcantara-florida\/educar-es-tarea-de-todos-que-es-el-bullying\/\" aria-label=\"M\u00e1s informaci\u00f3n sobre Educar es Tarea de Todos: Qu\u00e9 es el bullying\" tabindex=\"-1\" >\n\t\t\tLeer m\u00e1s \u00bb\t\t<\/a>\n\n\t\t\t\t\t<\/div>\n\t\t\t\t<\/div>\n\t\t\t\t<div class=\"elementor-post__meta-data\">\n\t\t\t\t\t<span class=\"elementor-post-date\">\n\t\t\t20 de noviembre de 2024\t\t<\/span>\n\t\t\t\t<\/div>\n\t\t\t\t\t<\/div>\n\t\t<\/article>\n\t\t\t\t<article class=\"elementor-post elementor-grid-item post-1176 post type-post status-publish format-standard has-post-thumbnail hentry category-convivencia-escolar category-destacadas\" role=\"listitem\">\n\t\t\t<div class=\"elementor-post__card\">\n\t\t\t\t<a class=\"elementor-post__thumbnail__link\" href=\"https:\/\/www.alcantara-alicante.cl\/alcantara-florida\/educar-es-tarea-de-todos-prevencion-del-suicidio\/\" tabindex=\"-1\" ><div class=\"elementor-post__thumbnail\"><img decoding=\"async\" width=\"300\" height=\"200\" src=\"https:\/\/www.alcantara-alicante.cl\/alcantara-florida\/wp-content\/uploads\/sites\/2\/2024\/10\/suicidio-300x200.jpeg\" class=\"attachment-medium size-medium wp-image-1177\" alt=\"\" srcset=\"https:\/\/www.alcantara-alicante.cl\/alcantara-florida\/wp-content\/uploads\/sites\/2\/2024\/10\/suicidio-300x200.jpeg 300w, https:\/\/www.alcantara-alicante.cl\/alcantara-florida\/wp-content\/uploads\/sites\/2\/2024\/10\/suicidio.jpeg 500w\" sizes=\"(max-width: 300px) 100vw, 300px\" \/><\/div><\/a>\n\t\t\t\t<div class=\"elementor-post__badge\">Convivencia Escolar<\/div>\n\t\t\t\t<div class=\"elementor-post__text\">\n\t\t\t\t<h3 class=\"elementor-post__title\">\n\t\t\t<a href=\"https:\/\/www.alcantara-alicante.cl\/alcantara-florida\/educar-es-tarea-de-todos-prevencion-del-suicidio\/\" >\n\t\t\t\tEducar es Tarea de Todos: Prevenci\u00f3n del suicidio\t\t\t<\/a>\n\t\t<\/h3>\n\t\t\t\t<div class=\"elementor-post__excerpt\">\n\t\t\t<p>Prevenci\u00f3n del suicidio en adolescentes, tema abordado por el Departamento de Convivencia Escolar. https:\/\/youtu.be\/PT57jnymWOw<\/p>\n\t\t<\/div>\n\t\t\t\t\t<div class=\"elementor-post__read-more-wrapper\">\n\t\t\n\t\t<a class=\"elementor-post__read-more\" href=\"https:\/\/www.alcantara-alicante.cl\/alcantara-florida\/educar-es-tarea-de-todos-prevencion-del-suicidio\/\" aria-label=\"M\u00e1s informaci\u00f3n sobre Educar es Tarea de Todos: Prevenci\u00f3n del suicidio\" tabindex=\"-1\" >\n\t\t\tLeer m\u00e1s \u00bb\t\t<\/a>\n\n\t\t\t\t\t<\/div>\n\t\t\t\t<\/div>\n\t\t\t\t<div class=\"elementor-post__meta-data\">\n\t\t\t\t\t<span class=\"elementor-post-date\">\n\t\t\t10 de octubre de 2024\t\t<\/span>\n\t\t\t\t<\/div>\n\t\t\t\t\t<\/div>\n\t\t<\/article>\n\t\t\t\t<article class=\"elementor-post elementor-grid-item post-1204 post type-post status-publish format-standard has-post-thumbnail hentry category-convivencia-escolar category-destacadas category-hacer-familia category-valoricas\" role=\"listitem\">\n\t\t\t<div class=\"elementor-post__card\">\n\t\t\t\t<a class=\"elementor-post__thumbnail__link\" href=\"https:\/\/www.alcantara-alicante.cl\/alcantara-florida\/educar-es-tarea-de-todos-sana-convivencia\/\" tabindex=\"-1\" ><div class=\"elementor-post__thumbnail\"><img decoding=\"async\" width=\"300\" height=\"200\" src=\"https:\/\/www.alcantara-alicante.cl\/alcantara-florida\/wp-content\/uploads\/sites\/2\/2024\/08\/convivencia_escolar-300x200.jpg\" class=\"attachment-medium size-medium wp-image-1205\" alt=\"\" srcset=\"https:\/\/www.alcantara-alicante.cl\/alcantara-florida\/wp-content\/uploads\/sites\/2\/2024\/08\/convivencia_escolar-300x200.jpg 300w, https:\/\/www.alcantara-alicante.cl\/alcantara-florida\/wp-content\/uploads\/sites\/2\/2024\/08\/convivencia_escolar.jpg 500w\" sizes=\"(max-width: 300px) 100vw, 300px\" \/><\/div><\/a>\n\t\t\t\t<div class=\"elementor-post__badge\">Convivencia Escolar<\/div>\n\t\t\t\t<div class=\"elementor-post__text\">\n\t\t\t\t<h3 class=\"elementor-post__title\">\n\t\t\t<a href=\"https:\/\/www.alcantara-alicante.cl\/alcantara-florida\/educar-es-tarea-de-todos-sana-convivencia\/\" >\n\t\t\t\tEducar es Tarea de Todos: Sana Convivencia\t\t\t<\/a>\n\t\t<\/h3>\n\t\t\t\t<div class=\"elementor-post__excerpt\">\n\t\t\t<p>Los invitamos a ver el siguiente video: https:\/\/www.youtube.com\/watch?v=ZmY50jJXBIA<\/p>\n\t\t<\/div>\n\t\t\t\t\t<div class=\"elementor-post__read-more-wrapper\">\n\t\t\n\t\t<a class=\"elementor-post__read-more\" href=\"https:\/\/www.alcantara-alicante.cl\/alcantara-florida\/educar-es-tarea-de-todos-sana-convivencia\/\" aria-label=\"M\u00e1s informaci\u00f3n sobre Educar es Tarea de Todos: Sana Convivencia\" tabindex=\"-1\" >\n\t\t\tLeer m\u00e1s \u00bb\t\t<\/a>\n\n\t\t\t\t\t<\/div>\n\t\t\t\t<\/div>\n\t\t\t\t<div class=\"elementor-post__meta-data\">\n\t\t\t\t\t<span class=\"elementor-post-date\">\n\t\t\t30 de agosto de 2024\t\t<\/span>\n\t\t\t\t<\/div>\n\t\t\t\t\t<\/div>\n\t\t<\/article>\n\t\t\t\t<article class=\"elementor-post elementor-grid-item post-1220 post type-post status-publish format-standard has-post-thumbnail hentry category-convivencia-escolar category-destacadas category-hacer-familia category-valoricas\" role=\"listitem\">\n\t\t\t<div class=\"elementor-post__card\">\n\t\t\t\t<a class=\"elementor-post__thumbnail__link\" href=\"https:\/\/www.alcantara-alicante.cl\/alcantara-florida\/educar-es-tarea-de-todos-3\/\" tabindex=\"-1\" ><div class=\"elementor-post__thumbnail\"><img loading=\"lazy\" decoding=\"async\" width=\"300\" height=\"200\" src=\"https:\/\/www.alcantara-alicante.cl\/alcantara-florida\/wp-content\/uploads\/sites\/2\/2024\/07\/destacado-300x200.jpg\" class=\"attachment-medium size-medium wp-image-1221\" alt=\"\" srcset=\"https:\/\/www.alcantara-alicante.cl\/alcantara-florida\/wp-content\/uploads\/sites\/2\/2024\/07\/destacado-300x200.jpg 300w, https:\/\/www.alcantara-alicante.cl\/alcantara-florida\/wp-content\/uploads\/sites\/2\/2024\/07\/destacado.jpg 500w\" sizes=\"(max-width: 300px) 100vw, 300px\" \/><\/div><\/a>\n\t\t\t\t<div class=\"elementor-post__badge\">Convivencia Escolar<\/div>\n\t\t\t\t<div class=\"elementor-post__text\">\n\t\t\t\t<h3 class=\"elementor-post__title\">\n\t\t\t<a href=\"https:\/\/www.alcantara-alicante.cl\/alcantara-florida\/educar-es-tarea-de-todos-3\/\" >\n\t\t\t\tEducar es tarea de todos\t\t\t<\/a>\n\t\t<\/h3>\n\t\t\t\t<div class=\"elementor-post__excerpt\">\n\t\t\t\t\t<\/div>\n\t\t\t\t\t<div class=\"elementor-post__read-more-wrapper\">\n\t\t\n\t\t<a class=\"elementor-post__read-more\" href=\"https:\/\/www.alcantara-alicante.cl\/alcantara-florida\/educar-es-tarea-de-todos-3\/\" aria-label=\"M\u00e1s informaci\u00f3n sobre Educar es tarea de todos\" tabindex=\"-1\" >\n\t\t\tLeer m\u00e1s \u00bb\t\t<\/a>\n\n\t\t\t\t\t<\/div>\n\t\t\t\t<\/div>\n\t\t\t\t<div class=\"elementor-post__meta-data\">\n\t\t\t\t\t<span class=\"elementor-post-date\">\n\t\t\t24 de julio de 2024\t\t<\/span>\n\t\t\t\t<\/div>\n\t\t\t\t\t<\/div>\n\t\t<\/article>\n\t\t\t\t<article class=\"elementor-post elementor-grid-item post-1224 post type-post status-publish format-standard has-post-thumbnail hentry category-convivencia-escolar category-destacadas category-hacer-familia category-valoricas\" role=\"listitem\">\n\t\t\t<div class=\"elementor-post__card\">\n\t\t\t\t<a class=\"elementor-post__thumbnail__link\" href=\"https:\/\/www.alcantara-alicante.cl\/alcantara-florida\/educar-es-tarea-de-todos-2\/\" tabindex=\"-1\" ><div class=\"elementor-post__thumbnail\"><img loading=\"lazy\" decoding=\"async\" width=\"300\" height=\"200\" src=\"https:\/\/www.alcantara-alicante.cl\/alcantara-florida\/wp-content\/uploads\/sites\/2\/2024\/07\/imagendestacada-300x200.jpg\" class=\"attachment-medium size-medium wp-image-1225\" alt=\"\" srcset=\"https:\/\/www.alcantara-alicante.cl\/alcantara-florida\/wp-content\/uploads\/sites\/2\/2024\/07\/imagendestacada-300x200.jpg 300w, https:\/\/www.alcantara-alicante.cl\/alcantara-florida\/wp-content\/uploads\/sites\/2\/2024\/07\/imagendestacada.jpg 500w\" sizes=\"(max-width: 300px) 100vw, 300px\" \/><\/div><\/a>\n\t\t\t\t<div class=\"elementor-post__badge\">Convivencia Escolar<\/div>\n\t\t\t\t<div class=\"elementor-post__text\">\n\t\t\t\t<h3 class=\"elementor-post__title\">\n\t\t\t<a href=\"https:\/\/www.alcantara-alicante.cl\/alcantara-florida\/educar-es-tarea-de-todos-2\/\" >\n\t\t\t\tEducar es tarea de todos\t\t\t<\/a>\n\t\t<\/h3>\n\t\t\t\t<div class=\"elementor-post__excerpt\">\n\t\t\t<p>El colegio como instituci\u00f3n educativa Seg\u00fan el Ministerio de Educaci\u00f3n, la instituci\u00f3n educativa, como comunidad de aprendizaje, es la primera<\/p>\n\t\t<\/div>\n\t\t\t\t\t<div class=\"elementor-post__read-more-wrapper\">\n\t\t\n\t\t<a class=\"elementor-post__read-more\" href=\"https:\/\/www.alcantara-alicante.cl\/alcantara-florida\/educar-es-tarea-de-todos-2\/\" aria-label=\"M\u00e1s informaci\u00f3n sobre Educar es tarea de todos\" tabindex=\"-1\" >\n\t\t\tLeer m\u00e1s \u00bb\t\t<\/a>\n\n\t\t\t\t\t<\/div>\n\t\t\t\t<\/div>\n\t\t\t\t<div class=\"elementor-post__meta-data\">\n\t\t\t\t\t<span class=\"elementor-post-date\">\n\t\t\t9 de julio de 2024\t\t<\/span>\n\t\t\t\t<\/div>\n\t\t\t\t\t<\/div>\n\t\t<\/article>\n\t\t\t\t<\/div>\n\t\t\n\t\t\t\t\t\t<\/div>\n\t\t\t\t<\/div>\n\t\t\t\t<div class=\"elementor-element elementor-element-6943514 elementor-grid-4 elementor-grid-mobile-2 elementor-grid-tablet-2 elementor-posts--thumbnail-top elementor-card-shadow-yes elementor-posts__hover-gradient elementor-widget elementor-widget-archive-posts\" data-id=\"6943514\" data-element_type=\"widget\" data-e-type=\"widget\" data-settings=\"{&quot;archive_cards_columns&quot;:&quot;4&quot;,&quot;archive_cards_columns_mobile&quot;:&quot;2&quot;,&quot;archive_cards_row_gap&quot;:{&quot;unit&quot;:&quot;px&quot;,&quot;size&quot;:30,&quot;sizes&quot;:[]},&quot;archive_cards_row_gap_mobile&quot;:{&quot;unit&quot;:&quot;px&quot;,&quot;size&quot;:10,&quot;sizes&quot;:[]},&quot;pagination_type&quot;:&quot;numbers_and_prev_next&quot;,&quot;archive_cards_columns_tablet&quot;:&quot;2&quot;,&quot;archive_cards_row_gap_laptop&quot;:{&quot;unit&quot;:&quot;px&quot;,&quot;size&quot;:&quot;&quot;,&quot;sizes&quot;:[]},&quot;archive_cards_row_gap_tablet&quot;:{&quot;unit&quot;:&quot;px&quot;,&quot;size&quot;:&quot;&quot;,&quot;sizes&quot;:[]}}\" data-widget_type=\"archive-posts.archive_cards\">\n\t\t\t\t<div class=\"elementor-widget-container\">\n\t\t\t\t\t\t\t<div class=\"elementor-posts-container elementor-posts elementor-posts--skin-cards elementor-grid\" role=\"list\">\n\t\t\t\t\t\t<div class=\"elementor-posts-nothing-found\">\n\t\t\t\t\tNo hemos encontrado ninguna noticia\t\t\t\t<\/div>\n\t\t\t\t\t<\/div>\n\t\t\n\t\t\t\t\t\t<\/div>\n\t\t\t\t<\/div>\n\t\t\t\t<\/div>\n\t\t\t\t<\/div>\n\t\t","protected":false},"excerpt":{"rendered":"<p>EDUCAR ES TAREA DE TODOS<\/p>\n","protected":false},"author":1,"featured_media":0,"parent":0,"menu_order":0,"comment_status":"closed","ping_status":"closed","template":"elementor_header_footer","meta":{"footnotes":""},"class_list":["post-2610","page","type-page","status-publish","hentry"],"aioseo_notices":[],"_links":{"self":[{"href":"https:\/\/www.alcantara-alicante.cl\/alcantara-florida\/wp-json\/wp\/v2\/pages\/2610","targetHints":{"allow":["GET"]}}],"collection":[{"href":"https:\/\/www.alcantara-alicante.cl\/alcantara-florida\/wp-json\/wp\/v2\/pages"}],"about":[{"href":"https:\/\/www.alcantara-alicante.cl\/alcantara-florida\/wp-json\/wp\/v2\/types\/page"}],"author":[{"embeddable":true,"href":"https:\/\/www.alcantara-alicante.cl\/alcantara-florida\/wp-json\/wp\/v2\/users\/1"}],"replies":[{"embeddable":true,"href":"https:\/\/www.alcantara-alicante.cl\/alcantara-florida\/wp-json\/wp\/v2\/comments?post=2610"}],"version-history":[{"count":0,"href":"https:\/\/www.alcantara-alicante.cl\/alcantara-florida\/wp-json\/wp\/v2\/pages\/2610\/revisions"}],"wp:attachment":[{"href":"https:\/\/www.alcantara-alicante.cl\/alcantara-florida\/wp-json\/wp\/v2\/media?parent=2610"}],"curies":[{"name":"wp","href":"https:\/\/api.w.org\/{rel}","templated":true}]}}