{"id":1949,"date":"2025-04-30T15:09:24","date_gmt":"2025-04-30T19:09:24","guid":{"rendered":"https:\/\/www.alcantara-alicante.cl\/alcantara-cordillera\/?page_id=1949"},"modified":"2025-04-30T15:14:35","modified_gmt":"2025-04-30T19:14:35","slug":"noticias-y-actividades-parvularios","status":"publish","type":"page","link":"https:\/\/www.alcantara-alicante.cl\/alcantara-cordillera\/noticias-y-actividades-parvularios\/","title":{"rendered":"Noticias y Actividades Parvularios"},"content":{"rendered":"\t\t<div data-elementor-type=\"wp-page\" data-elementor-id=\"1949\" class=\"elementor elementor-1949\" data-elementor-post-type=\"page\">\n\t\t\t\t<div class=\"elementor-element elementor-element-397a850 e-con-full e-flex e-con e-parent\" data-id=\"397a850\" data-element_type=\"container\" data-e-type=\"container\" data-settings=\"{&quot;background_background&quot;:&quot;classic&quot;}\">\n\t\t\t\t<div class=\"elementor-element elementor-element-1ddb004 elementor-widget elementor-widget-heading\" data-id=\"1ddb004\" data-element_type=\"widget\" data-e-type=\"widget\" data-widget_type=\"heading.default\">\n\t\t\t\t<div class=\"elementor-widget-container\">\n\t\t\t\t\t<h1 class=\"elementor-heading-title elementor-size-default\">NOTICIAS PREESCOLAR<\/h1>\t\t\t\t<\/div>\n\t\t\t\t<\/div>\n\t\t\t\t<\/div>\n\t\t<div class=\"elementor-element elementor-element-a6bd2ae e-con-full e-flex e-con e-parent\" data-id=\"a6bd2ae\" data-element_type=\"container\" data-e-type=\"container\" data-settings=\"{&quot;background_background&quot;:&quot;classic&quot;}\">\n\t\t\t\t<div class=\"elementor-element elementor-element-d8caaf7 elementor-grid-4 elementor-grid-tablet-2 elementor-grid-mobile-1 elementor-posts--thumbnail-top elementor-card-shadow-yes elementor-posts__hover-gradient elementor-widget elementor-widget-posts\" data-id=\"d8caaf7\" data-element_type=\"widget\" data-e-type=\"widget\" data-settings=\"{&quot;cards_columns&quot;:&quot;4&quot;,&quot;cards_row_gap&quot;:{&quot;unit&quot;:&quot;px&quot;,&quot;size&quot;:30,&quot;sizes&quot;:[]},&quot;cards_columns_tablet&quot;:&quot;2&quot;,&quot;cards_columns_mobile&quot;:&quot;1&quot;,&quot;cards_row_gap_tablet&quot;:{&quot;unit&quot;:&quot;px&quot;,&quot;size&quot;:&quot;&quot;,&quot;sizes&quot;:[]},&quot;cards_row_gap_mobile&quot;:{&quot;unit&quot;:&quot;px&quot;,&quot;size&quot;:&quot;&quot;,&quot;sizes&quot;:[]}}\" data-widget_type=\"posts.cards\">\n\t\t\t\t<div class=\"elementor-widget-container\">\n\t\t\t\t\t\t\t<div class=\"elementor-posts-container elementor-posts elementor-posts--skin-cards elementor-grid\" role=\"list\">\n\t\t\t\t<article class=\"elementor-post elementor-grid-item post-2588 post type-post status-publish format-standard has-post-thumbnail hentry category-destacadas category-noticias-parvulario\" role=\"listitem\">\n\t\t\t<div class=\"elementor-post__card\">\n\t\t\t\t<a class=\"elementor-post__thumbnail__link\" href=\"https:\/\/www.alcantara-alicante.cl\/alcantara-cordillera\/el-sistema-solar-en-prekinder-%f0%9f%aa%90%f0%9f%8c%9f\/\" tabindex=\"-1\" ><div class=\"elementor-post__thumbnail\"><img fetchpriority=\"high\" decoding=\"async\" width=\"300\" height=\"200\" src=\"https:\/\/www.alcantara-alicante.cl\/alcantara-cordillera\/wp-content\/uploads\/sites\/3\/2025\/09\/Colegio-Alcantara-Cordillera_preescolar-300x200.jpeg\" class=\"attachment-medium size-medium wp-image-2589\" alt=\"\" srcset=\"https:\/\/www.alcantara-alicante.cl\/alcantara-cordillera\/wp-content\/uploads\/sites\/3\/2025\/09\/Colegio-Alcantara-Cordillera_preescolar-300x200.jpeg 300w, https:\/\/www.alcantara-alicante.cl\/alcantara-cordillera\/wp-content\/uploads\/sites\/3\/2025\/09\/Colegio-Alcantara-Cordillera_preescolar.jpeg 500w\" sizes=\"(max-width: 300px) 100vw, 300px\" \/><\/div><\/a>\n\t\t\t\t<div class=\"elementor-post__badge\">Destacadas<\/div>\n\t\t\t\t<div class=\"elementor-post__text\">\n\t\t\t\t<h3 class=\"elementor-post__title\">\n\t\t\t<a href=\"https:\/\/www.alcantara-alicante.cl\/alcantara-cordillera\/el-sistema-solar-en-prekinder-%f0%9f%aa%90%f0%9f%8c%9f\/\" >\n\t\t\t\tEl Sistema Solar en Prek\u00ednder \ud83e\ude90\ud83c\udf1f\t\t\t<\/a>\n\t\t<\/h3>\n\t\t\t\t<div class=\"elementor-post__excerpt\">\n\t\t\t<p>El sistema solar es un lugar m\u00e1gico donde viven el Sol, los planetas y las estrellas. Los ni\u00f1os y ni\u00f1as<\/p>\n\t\t<\/div>\n\t\t\t\t\t<div class=\"elementor-post__read-more-wrapper\">\n\t\t\n\t\t<a class=\"elementor-post__read-more\" href=\"https:\/\/www.alcantara-alicante.cl\/alcantara-cordillera\/el-sistema-solar-en-prekinder-%f0%9f%aa%90%f0%9f%8c%9f\/\" aria-label=\"M\u00e1s informaci\u00f3n sobre El Sistema Solar en Prek\u00ednder \ud83e\ude90\ud83c\udf1f\" tabindex=\"-1\" >\n\t\t\tLeer m\u00e1s \u00bb\t\t<\/a>\n\n\t\t\t\t\t<\/div>\n\t\t\t\t<\/div>\n\t\t\t\t<div class=\"elementor-post__meta-data\">\n\t\t\t\t\t<span class=\"elementor-post-date\">\n\t\t\t5 de septiembre de 2025\t\t<\/span>\n\t\t\t\t<\/div>\n\t\t\t\t\t<\/div>\n\t\t<\/article>\n\t\t\t\t<article class=\"elementor-post elementor-grid-item post-2550 post type-post status-publish format-standard has-post-thumbnail hentry category-destacadas category-noticias-parvulario\" role=\"listitem\">\n\t\t\t<div class=\"elementor-post__card\">\n\t\t\t\t<a class=\"elementor-post__thumbnail__link\" href=\"https:\/\/www.alcantara-alicante.cl\/alcantara-cordillera\/dia-de-la-ninez-en-preeescolar\/\" tabindex=\"-1\" ><div class=\"elementor-post__thumbnail\"><img decoding=\"async\" width=\"300\" height=\"200\" src=\"https:\/\/www.alcantara-alicante.cl\/alcantara-cordillera\/wp-content\/uploads\/sites\/3\/2025\/08\/colegio-alcantara-cordillera_preescolar-1-300x200.jpeg\" class=\"attachment-medium size-medium wp-image-2551\" alt=\"\" srcset=\"https:\/\/www.alcantara-alicante.cl\/alcantara-cordillera\/wp-content\/uploads\/sites\/3\/2025\/08\/colegio-alcantara-cordillera_preescolar-1-300x200.jpeg 300w, https:\/\/www.alcantara-alicante.cl\/alcantara-cordillera\/wp-content\/uploads\/sites\/3\/2025\/08\/colegio-alcantara-cordillera_preescolar-1.jpeg 500w\" sizes=\"(max-width: 300px) 100vw, 300px\" \/><\/div><\/a>\n\t\t\t\t<div class=\"elementor-post__badge\">Destacadas<\/div>\n\t\t\t\t<div class=\"elementor-post__text\">\n\t\t\t\t<h3 class=\"elementor-post__title\">\n\t\t\t<a href=\"https:\/\/www.alcantara-alicante.cl\/alcantara-cordillera\/dia-de-la-ninez-en-preeescolar\/\" >\n\t\t\t\tD\u00eda de la ni\u00f1ez en preeescolar\t\t\t<\/a>\n\t\t<\/h3>\n\t\t\t\t<div class=\"elementor-post__excerpt\">\n\t\t\t<p>\ud83c\udf89 D\u00eda de la Ni\u00f1ez: Una Celebraci\u00f3n Llena de Magia, Juegos y Sonrisas 8 de agosto 2025 \u2013 Colegio Alc\u00e1ntara<\/p>\n\t\t<\/div>\n\t\t\t\t\t<div class=\"elementor-post__read-more-wrapper\">\n\t\t\n\t\t<a class=\"elementor-post__read-more\" href=\"https:\/\/www.alcantara-alicante.cl\/alcantara-cordillera\/dia-de-la-ninez-en-preeescolar\/\" aria-label=\"M\u00e1s informaci\u00f3n sobre D\u00eda de la ni\u00f1ez en preeescolar\" tabindex=\"-1\" >\n\t\t\tLeer m\u00e1s \u00bb\t\t<\/a>\n\n\t\t\t\t\t<\/div>\n\t\t\t\t<\/div>\n\t\t\t\t<div class=\"elementor-post__meta-data\">\n\t\t\t\t\t<span class=\"elementor-post-date\">\n\t\t\t18 de agosto de 2025\t\t<\/span>\n\t\t\t\t<\/div>\n\t\t\t\t\t<\/div>\n\t\t<\/article>\n\t\t\t\t<article class=\"elementor-post elementor-grid-item post-2483 post type-post status-publish format-standard has-post-thumbnail hentry category-destacadas category-noticias-parvulario\" role=\"listitem\">\n\t\t\t<div class=\"elementor-post__card\">\n\t\t\t\t<a class=\"elementor-post__thumbnail__link\" href=\"https:\/\/www.alcantara-alicante.cl\/alcantara-cordillera\/hermosa-jornada-de-iv-medios-en-preescolar\/\" tabindex=\"-1\" ><div class=\"elementor-post__thumbnail\"><img decoding=\"async\" width=\"300\" height=\"200\" src=\"https:\/\/www.alcantara-alicante.cl\/alcantara-cordillera\/wp-content\/uploads\/sites\/3\/2025\/08\/Copia-de-colegio-alcantara-cordillera_preescolar7-300x200.jpeg\" class=\"attachment-medium size-medium wp-image-2484\" alt=\"\" srcset=\"https:\/\/www.alcantara-alicante.cl\/alcantara-cordillera\/wp-content\/uploads\/sites\/3\/2025\/08\/Copia-de-colegio-alcantara-cordillera_preescolar7-300x200.jpeg 300w, https:\/\/www.alcantara-alicante.cl\/alcantara-cordillera\/wp-content\/uploads\/sites\/3\/2025\/08\/Copia-de-colegio-alcantara-cordillera_preescolar7.jpeg 500w\" sizes=\"(max-width: 300px) 100vw, 300px\" \/><\/div><\/a>\n\t\t\t\t<div class=\"elementor-post__badge\">Destacadas<\/div>\n\t\t\t\t<div class=\"elementor-post__text\">\n\t\t\t\t<h3 class=\"elementor-post__title\">\n\t\t\t<a href=\"https:\/\/www.alcantara-alicante.cl\/alcantara-cordillera\/hermosa-jornada-de-iv-medios-en-preescolar\/\" >\n\t\t\t\thermosa jornada de IV medios en preescolar\t\t\t<\/a>\n\t\t<\/h3>\n\t\t\t\t<div class=\"elementor-post__excerpt\">\n\t\t\t<p>Jornada M\u00e1gica entre Padrinos, Madrinas y los M\u00e1s Peque\u00f1os Nuestros queridos estudiantes de IV Medio, en su rol de padrinos<\/p>\n\t\t<\/div>\n\t\t\t\t\t<div class=\"elementor-post__read-more-wrapper\">\n\t\t\n\t\t<a class=\"elementor-post__read-more\" href=\"https:\/\/www.alcantara-alicante.cl\/alcantara-cordillera\/hermosa-jornada-de-iv-medios-en-preescolar\/\" aria-label=\"M\u00e1s informaci\u00f3n sobre hermosa jornada de IV medios en preescolar\" tabindex=\"-1\" >\n\t\t\tLeer m\u00e1s \u00bb\t\t<\/a>\n\n\t\t\t\t\t<\/div>\n\t\t\t\t<\/div>\n\t\t\t\t<div class=\"elementor-post__meta-data\">\n\t\t\t\t\t<span class=\"elementor-post-date\">\n\t\t\t30 de julio de 2025\t\t<\/span>\n\t\t\t\t<\/div>\n\t\t\t\t\t<\/div>\n\t\t<\/article>\n\t\t\t\t<article class=\"elementor-post elementor-grid-item post-2520 post type-post status-publish format-standard has-post-thumbnail hentry category-destacadas category-noticias-parvulario\" role=\"listitem\">\n\t\t\t<div class=\"elementor-post__card\">\n\t\t\t\t<a class=\"elementor-post__thumbnail__link\" href=\"https:\/\/www.alcantara-alicante.cl\/alcantara-cordillera\/juguetes-hechos-con-material-reciclado\/\" tabindex=\"-1\" ><div class=\"elementor-post__thumbnail\"><img loading=\"lazy\" decoding=\"async\" width=\"300\" height=\"200\" src=\"https:\/\/www.alcantara-alicante.cl\/alcantara-cordillera\/wp-content\/uploads\/sites\/3\/2025\/07\/Colegio-Alcantara-Cordillera_juguetes-reciclados17-300x200.jpg\" class=\"attachment-medium size-medium wp-image-2559\" alt=\"\" srcset=\"https:\/\/www.alcantara-alicante.cl\/alcantara-cordillera\/wp-content\/uploads\/sites\/3\/2025\/07\/Colegio-Alcantara-Cordillera_juguetes-reciclados17-300x200.jpg 300w, https:\/\/www.alcantara-alicante.cl\/alcantara-cordillera\/wp-content\/uploads\/sites\/3\/2025\/07\/Colegio-Alcantara-Cordillera_juguetes-reciclados17.jpg 500w\" sizes=\"(max-width: 300px) 100vw, 300px\" \/><\/div><\/a>\n\t\t\t\t<div class=\"elementor-post__badge\">Destacadas<\/div>\n\t\t\t\t<div class=\"elementor-post__text\">\n\t\t\t\t<h3 class=\"elementor-post__title\">\n\t\t\t<a href=\"https:\/\/www.alcantara-alicante.cl\/alcantara-cordillera\/juguetes-hechos-con-material-reciclado\/\" >\n\t\t\t\tJuguetes hechos con material reciclado\t\t\t<\/a>\n\t\t<\/h3>\n\t\t\t\t<div class=\"elementor-post__excerpt\">\n\t\t\t<p>Juguetes con Historia: Preescolar Aprende y Juega con Creatividad en Familia Colegio Alc\u00e1ntara de la Cordillera \u2013 Agosto 2025 En<\/p>\n\t\t<\/div>\n\t\t\t\t\t<div class=\"elementor-post__read-more-wrapper\">\n\t\t\n\t\t<a class=\"elementor-post__read-more\" href=\"https:\/\/www.alcantara-alicante.cl\/alcantara-cordillera\/juguetes-hechos-con-material-reciclado\/\" aria-label=\"M\u00e1s informaci\u00f3n sobre Juguetes hechos con material reciclado\" tabindex=\"-1\" >\n\t\t\tLeer m\u00e1s \u00bb\t\t<\/a>\n\n\t\t\t\t\t<\/div>\n\t\t\t\t<\/div>\n\t\t\t\t<div class=\"elementor-post__meta-data\">\n\t\t\t\t\t<span class=\"elementor-post-date\">\n\t\t\t8 de julio de 2025\t\t<\/span>\n\t\t\t\t<\/div>\n\t\t\t\t\t<\/div>\n\t\t<\/article>\n\t\t\t\t<article class=\"elementor-post elementor-grid-item post-380 post type-post status-publish format-standard has-post-thumbnail hentry category-destacadas category-noticias-parvulario\" role=\"listitem\">\n\t\t\t<div class=\"elementor-post__card\">\n\t\t\t\t<a class=\"elementor-post__thumbnail__link\" href=\"https:\/\/www.alcantara-alicante.cl\/alcantara-cordillera\/educativa-visita-de-bomberos\/\" tabindex=\"-1\" ><div class=\"elementor-post__thumbnail\"><img loading=\"lazy\" decoding=\"async\" width=\"300\" height=\"200\" src=\"https:\/\/www.alcantara-alicante.cl\/alcantara-cordillera\/wp-content\/uploads\/sites\/3\/2024\/11\/visita-de-bomberos-300x200.jpeg\" class=\"attachment-medium size-medium wp-image-877\" alt=\"\" srcset=\"https:\/\/www.alcantara-alicante.cl\/alcantara-cordillera\/wp-content\/uploads\/sites\/3\/2024\/11\/visita-de-bomberos-300x200.jpeg 300w, https:\/\/www.alcantara-alicante.cl\/alcantara-cordillera\/wp-content\/uploads\/sites\/3\/2024\/11\/visita-de-bomberos.jpeg 500w\" sizes=\"(max-width: 300px) 100vw, 300px\" \/><\/div><\/a>\n\t\t\t\t<div class=\"elementor-post__badge\">Destacadas<\/div>\n\t\t\t\t<div class=\"elementor-post__text\">\n\t\t\t\t<h3 class=\"elementor-post__title\">\n\t\t\t<a href=\"https:\/\/www.alcantara-alicante.cl\/alcantara-cordillera\/educativa-visita-de-bomberos\/\" >\n\t\t\t\tEducativa visita de Bomberos\t\t\t<\/a>\n\t\t<\/h3>\n\t\t\t\t<div class=\"elementor-post__excerpt\">\n\t\t\t<p>El mi\u00e9rcoles 23 de octubre recibimos la visita de la novena compa\u00f1\u00eda de bomberos de La Florida, los ni\u00f1os y<\/p>\n\t\t<\/div>\n\t\t\t\t\t<div class=\"elementor-post__read-more-wrapper\">\n\t\t\n\t\t<a class=\"elementor-post__read-more\" href=\"https:\/\/www.alcantara-alicante.cl\/alcantara-cordillera\/educativa-visita-de-bomberos\/\" aria-label=\"M\u00e1s informaci\u00f3n sobre Educativa visita de Bomberos\" tabindex=\"-1\" >\n\t\t\tLeer m\u00e1s \u00bb\t\t<\/a>\n\n\t\t\t\t\t<\/div>\n\t\t\t\t<\/div>\n\t\t\t\t<div class=\"elementor-post__meta-data\">\n\t\t\t\t\t<span class=\"elementor-post-date\">\n\t\t\t20 de abril de 2025\t\t<\/span>\n\t\t\t\t<\/div>\n\t\t\t\t\t<\/div>\n\t\t<\/article>\n\t\t\t\t<article class=\"elementor-post elementor-grid-item post-372 post type-post status-publish format-standard has-post-thumbnail hentry category-academicas category-destacadas category-noticias-parvulario\" role=\"listitem\">\n\t\t\t<div class=\"elementor-post__card\">\n\t\t\t\t<a class=\"elementor-post__thumbnail__link\" href=\"https:\/\/www.alcantara-alicante.cl\/alcantara-cordillera\/prekinder-viaja-al-espacio\/\" tabindex=\"-1\" ><div class=\"elementor-post__thumbnail\"><img loading=\"lazy\" decoding=\"async\" width=\"300\" height=\"200\" src=\"https:\/\/www.alcantara-alicante.cl\/alcantara-cordillera\/wp-content\/uploads\/sites\/3\/2024\/09\/prekinder-300x200.jpeg\" class=\"attachment-medium size-medium wp-image-926\" alt=\"\" srcset=\"https:\/\/www.alcantara-alicante.cl\/alcantara-cordillera\/wp-content\/uploads\/sites\/3\/2024\/09\/prekinder-300x200.jpeg 300w, https:\/\/www.alcantara-alicante.cl\/alcantara-cordillera\/wp-content\/uploads\/sites\/3\/2024\/09\/prekinder.jpeg 499w\" sizes=\"(max-width: 300px) 100vw, 300px\" \/><\/div><\/a>\n\t\t\t\t<div class=\"elementor-post__badge\">Acad\u00e9micas<\/div>\n\t\t\t\t<div class=\"elementor-post__text\">\n\t\t\t\t<h3 class=\"elementor-post__title\">\n\t\t\t<a href=\"https:\/\/www.alcantara-alicante.cl\/alcantara-cordillera\/prekinder-viaja-al-espacio\/\" >\n\t\t\t\tPrek\u00ednder viaja al espacio\t\t\t<\/a>\n\t\t<\/h3>\n\t\t\t\t<div class=\"elementor-post__excerpt\">\n\t\t\t<p>En el nivel de Prekinder se cerr\u00f3 la unidad del espacio, actividad a cargo de las Educadoras Ana Mar\u00eda Lepe<\/p>\n\t\t<\/div>\n\t\t\t\t\t<div class=\"elementor-post__read-more-wrapper\">\n\t\t\n\t\t<a class=\"elementor-post__read-more\" href=\"https:\/\/www.alcantara-alicante.cl\/alcantara-cordillera\/prekinder-viaja-al-espacio\/\" aria-label=\"M\u00e1s informaci\u00f3n sobre Prek\u00ednder viaja al espacio\" tabindex=\"-1\" >\n\t\t\tLeer m\u00e1s \u00bb\t\t<\/a>\n\n\t\t\t\t\t<\/div>\n\t\t\t\t<\/div>\n\t\t\t\t<div class=\"elementor-post__meta-data\">\n\t\t\t\t\t<span class=\"elementor-post-date\">\n\t\t\t20 de abril de 2025\t\t<\/span>\n\t\t\t\t<\/div>\n\t\t\t\t\t<\/div>\n\t\t<\/article>\n\t\t\t\t<article class=\"elementor-post elementor-grid-item post-341 post type-post status-publish format-standard has-post-thumbnail hentry category-academicas category-destacadas category-noticias-parvulario\" role=\"listitem\">\n\t\t\t<div class=\"elementor-post__card\">\n\t\t\t\t<a class=\"elementor-post__thumbnail__link\" href=\"https:\/\/www.alcantara-alicante.cl\/alcantara-cordillera\/mes-del-mar-en-kinder-b\/\" tabindex=\"-1\" ><div class=\"elementor-post__thumbnail\"><img loading=\"lazy\" decoding=\"async\" width=\"300\" height=\"270\" src=\"https:\/\/www.alcantara-alicante.cl\/alcantara-cordillera\/wp-content\/uploads\/sites\/3\/2025\/02\/Preescolar-300x270.jpg\" class=\"attachment-medium size-medium wp-image-413\" alt=\"\" srcset=\"https:\/\/www.alcantara-alicante.cl\/alcantara-cordillera\/wp-content\/uploads\/sites\/3\/2025\/02\/Preescolar-300x270.jpg 300w, https:\/\/www.alcantara-alicante.cl\/alcantara-cordillera\/wp-content\/uploads\/sites\/3\/2025\/02\/Preescolar.jpg 537w\" sizes=\"(max-width: 300px) 100vw, 300px\" \/><\/div><\/a>\n\t\t\t\t<div class=\"elementor-post__badge\">Acad\u00e9micas<\/div>\n\t\t\t\t<div class=\"elementor-post__text\">\n\t\t\t\t<h3 class=\"elementor-post__title\">\n\t\t\t<a href=\"https:\/\/www.alcantara-alicante.cl\/alcantara-cordillera\/mes-del-mar-en-kinder-b\/\" >\n\t\t\t\tMes del Mar en K\u00ednder B\t\t\t<\/a>\n\t\t<\/h3>\n\t\t\t\t<div class=\"elementor-post__excerpt\">\n\t\t\t<p>La actividad corresponde a la unidad el mar y sus riquezas, donde a trav\u00e9s del juego conocieron el oficio del<\/p>\n\t\t<\/div>\n\t\t\t\t\t<div class=\"elementor-post__read-more-wrapper\">\n\t\t\n\t\t<a class=\"elementor-post__read-more\" href=\"https:\/\/www.alcantara-alicante.cl\/alcantara-cordillera\/mes-del-mar-en-kinder-b\/\" aria-label=\"M\u00e1s informaci\u00f3n sobre Mes del Mar en K\u00ednder B\" tabindex=\"-1\" >\n\t\t\tLeer m\u00e1s \u00bb\t\t<\/a>\n\n\t\t\t\t\t<\/div>\n\t\t\t\t<\/div>\n\t\t\t\t<div class=\"elementor-post__meta-data\">\n\t\t\t\t\t<span class=\"elementor-post-date\">\n\t\t\t20 de abril de 2025\t\t<\/span>\n\t\t\t\t<\/div>\n\t\t\t\t\t<\/div>\n\t\t<\/article>\n\t\t\t\t<article class=\"elementor-post elementor-grid-item post-286 post type-post status-publish format-standard has-post-thumbnail hentry category-destacadas category-noticias-parvulario\" role=\"listitem\">\n\t\t\t<div class=\"elementor-post__card\">\n\t\t\t\t<a class=\"elementor-post__thumbnail__link\" href=\"https:\/\/www.alcantara-alicante.cl\/alcantara-cordillera\/feliz-dia-a-nuestras-educadoras-de-parvulos\/\" tabindex=\"-1\" ><div class=\"elementor-post__thumbnail\"><img loading=\"lazy\" decoding=\"async\" width=\"300\" height=\"200\" src=\"https:\/\/www.alcantara-alicante.cl\/alcantara-cordillera\/wp-content\/uploads\/sites\/3\/site\/\/2\/dia_educadora-300x200.png\" class=\"attachment-medium size-medium wp-image-1543\" alt=\"\" srcset=\"https:\/\/www.alcantara-alicante.cl\/alcantara-cordillera\/wp-content\/uploads\/sites\/3\/site\/\/2\/dia_educadora-300x200.png 300w, https:\/\/www.alcantara-alicante.cl\/alcantara-cordillera\/wp-content\/uploads\/sites\/3\/site\/\/2\/dia_educadora.png 500w\" sizes=\"(max-width: 300px) 100vw, 300px\" \/><\/div><\/a>\n\t\t\t\t<div class=\"elementor-post__badge\">Destacadas<\/div>\n\t\t\t\t<div class=\"elementor-post__text\">\n\t\t\t\t<h3 class=\"elementor-post__title\">\n\t\t\t<a href=\"https:\/\/www.alcantara-alicante.cl\/alcantara-cordillera\/feliz-dia-a-nuestras-educadoras-de-parvulos\/\" >\n\t\t\t\tFeliz d\u00eda a nuestras Educadoras de P\u00e1rvulos\t\t\t<\/a>\n\t\t<\/h3>\n\t\t\t\t<div class=\"elementor-post__excerpt\">\n\t\t\t<p>El 22 de noviembre se celebra el\u00a0\u201cD\u00eda de la Educaci\u00f3n Parvularia y de la Educador(a) de P\u00e1rvulos\u201d.\u00a0La relevancia de este<\/p>\n\t\t<\/div>\n\t\t\t\t\t<div class=\"elementor-post__read-more-wrapper\">\n\t\t\n\t\t<a class=\"elementor-post__read-more\" href=\"https:\/\/www.alcantara-alicante.cl\/alcantara-cordillera\/feliz-dia-a-nuestras-educadoras-de-parvulos\/\" aria-label=\"M\u00e1s informaci\u00f3n sobre Feliz d\u00eda a nuestras Educadoras de P\u00e1rvulos\" tabindex=\"-1\" >\n\t\t\tLeer m\u00e1s \u00bb\t\t<\/a>\n\n\t\t\t\t\t<\/div>\n\t\t\t\t<\/div>\n\t\t\t\t<div class=\"elementor-post__meta-data\">\n\t\t\t\t\t<span class=\"elementor-post-date\">\n\t\t\t20 de abril de 2025\t\t<\/span>\n\t\t\t\t<\/div>\n\t\t\t\t\t<\/div>\n\t\t<\/article>\n\t\t\t\t<\/div>\n\t\t\n\t\t\t\t\t\t<\/div>\n\t\t\t\t<\/div>\n\t\t\t\t<\/div>\n\t\t\t\t<\/div>\n\t\t","protected":false},"excerpt":{"rendered":"<p>NOTICIAS PREESCOLAR<\/p>\n","protected":false},"author":1,"featured_media":0,"parent":0,"menu_order":0,"comment_status":"closed","ping_status":"closed","template":"elementor_header_footer","meta":{"footnotes":""},"class_list":["post-1949","page","type-page","status-publish","hentry"],"aioseo_notices":[],"_links":{"self":[{"href":"https:\/\/www.alcantara-alicante.cl\/alcantara-cordillera\/wp-json\/wp\/v2\/pages\/1949","targetHints":{"allow":["GET"]}}],"collection":[{"href":"https:\/\/www.alcantara-alicante.cl\/alcantara-cordillera\/wp-json\/wp\/v2\/pages"}],"about":[{"href":"https:\/\/www.alcantara-alicante.cl\/alcantara-cordillera\/wp-json\/wp\/v2\/types\/page"}],"author":[{"embeddable":true,"href":"https:\/\/www.alcantara-alicante.cl\/alcantara-cordillera\/wp-json\/wp\/v2\/users\/1"}],"replies":[{"embeddable":true,"href":"https:\/\/www.alcantara-alicante.cl\/alcantara-cordillera\/wp-json\/wp\/v2\/comments?post=1949"}],"version-history":[{"count":0,"href":"https:\/\/www.alcantara-alicante.cl\/alcantara-cordillera\/wp-json\/wp\/v2\/pages\/1949\/revisions"}],"wp:attachment":[{"href":"https:\/\/www.alcantara-alicante.cl\/alcantara-cordillera\/wp-json\/wp\/v2\/media?parent=1949"}],"curies":[{"name":"wp","href":"https:\/\/api.w.org\/{rel}","templated":true}]}}